{"id":14536,"date":"2026-05-15T10:36:40","date_gmt":"2026-05-15T08:36:40","guid":{"rendered":"https:\/\/triga2026.semtix.eu\/produkt\/hydraulicke-paletizacni-vidle\/"},"modified":"2026-05-15T10:36:51","modified_gmt":"2026-05-15T08:36:51","slug":"hydraulicke-paletizacni-vidle","status":"publish","type":"product","link":"https:\/\/triga2026.semtix.eu\/en\/product\/hydraulicke-paletizacni-vidle\/","title":{"rendered":"Hydraulick\u00e9 paletiza\u010dn\u00ed vidle"},"content":{"rendered":"","protected":false},"excerpt":{"rendered":"","protected":false},"featured_media":12792,"comment_status":"closed","ping_status":"open","template":"","meta":{"_acf_changed":false},"product_brand":[],"product_cat":[9522],"product_tag":[1608,1609],"class_list":{"0":"post-14536","1":"product","2":"type-product","3":"status-publish","4":"has-post-thumbnail","6":"product_cat-zemedelske-stroje","7":"product_tag-1608","8":"product_tag-1609","9":"pa_delka-vidli-1000-1500","10":"pa_druhy-prace--stavebnictvi-a-uprava-terenu--manipulace-a-zemedelstvi","11":"pa_komercni-kod-pzvh-3-1300-d-n","12":"pa_komercni-kod-pzvh-4-1300-d-n","13":"pa_komercni-kod-1-pzvh-3","14":"pa_komercni-kod-1-pzvh-4","15":"pa_nosnost-30-50","16":"pa_nosnost-50-80","17":"pa_sirka-desky-9601","18":"pa_sirka-mm-306","19":"pa_trida-226","20":"pa_trida-349","21":"pa_vyrobek-pzvh","23":"first","24":"instock","25":"purchasable","26":"product-type-variable"},"acf":[],"_links":{"self":[{"href":"https:\/\/triga2026.semtix.eu\/en\/wp-json\/wp\/v2\/product\/14536","targetHints":{"allow":["GET"]}}],"collection":[{"href":"https:\/\/triga2026.semtix.eu\/en\/wp-json\/wp\/v2\/product"}],"about":[{"href":"https:\/\/triga2026.semtix.eu\/en\/wp-json\/wp\/v2\/types\/product"}],"replies":[{"embeddable":true,"href":"https:\/\/triga2026.semtix.eu\/en\/wp-json\/wp\/v2\/comments?post=14536"}],"wp:featuredmedia":[{"embeddable":true,"href":"https:\/\/triga2026.semtix.eu\/en\/wp-json\/wp\/v2\/media\/12792"}],"wp:attachment":[{"href":"https:\/\/triga2026.semtix.eu\/en\/wp-json\/wp\/v2\/media?parent=14536"}],"wp:term":[{"taxonomy":"product_brand","embeddable":true,"href":"https:\/\/triga2026.semtix.eu\/en\/wp-json\/wp\/v2\/product_brand?post=14536"},{"taxonomy":"product_cat","embeddable":true,"href":"https:\/\/triga2026.semtix.eu\/en\/wp-json\/wp\/v2\/product_cat?post=14536"},{"taxonomy":"product_tag","embeddable":true,"href":"https:\/\/triga2026.semtix.eu\/en\/wp-json\/wp\/v2\/product_tag?post=14536"}],"curies":[{"name":"wp","href":"https:\/\/api.w.org\/{rel}","templated":true}]}}