{"id":14501,"date":"2026-05-15T10:35:57","date_gmt":"2026-05-15T08:35:57","guid":{"rendered":"https:\/\/triga2026.semtix.eu\/produkt\/lopata-s-pridrzovacem\/"},"modified":"2026-05-15T10:36:15","modified_gmt":"2026-05-15T08:36:15","slug":"lopata-s-pridrzovacem","status":"publish","type":"product","link":"https:\/\/triga2026.semtix.eu\/en\/product\/lopata-s-pridrzovacem\/","title":{"rendered":"Lopata s p\u0159idr\u017eova\u010dem"},"content":{"rendered":"","protected":false},"excerpt":{"rendered":"","protected":false},"featured_media":0,"comment_status":"closed","ping_status":"open","template":"","meta":{"_acf_changed":false},"product_brand":[],"product_cat":[9522],"product_tag":[10130],"class_list":{"0":"post-14501","1":"product","2":"type-product","3":"status-publish","5":"product_cat-zemedelske-stroje","6":"product_tag-10130","7":"pa_druhy-prace--stavebnictvi-a-uprava-terenu--manipulace-a-zemedelstvi","8":"pa_komercni-kod-lzp-75-2800-2-9","9":"pa_komercni-kod-lzp-75-2900-3-0","10":"pa_komercni-kod-lzp-75-3000-3-1","11":"pa_komercni-kod-lzp-75-3100-3-2","12":"pa_komercni-kod-lzp-75-3200-3-3","13":"pa_komercni-kod-lzp-75-3300-3-4","14":"pa_komercni-kod-1-lzp-75","15":"pa_objem-m3-2-9","16":"pa_objem-m3-9565","17":"pa_objem-m3-3-1","18":"pa_objem-m3-3-2","19":"pa_objem-m3-3-3","20":"pa_objem-m3-3-4","21":"pa_sirka-mm-2639","22":"pa_sirka-mm-2640","23":"pa_sirka-mm-2641","24":"pa_sirka-mm-2642","25":"pa_sirka-mm-2643","26":"pa_sirka-mm-2644","27":"pa_trida-7-5","28":"pa_vyrobek-lzp","30":"first","31":"instock","32":"purchasable","33":"product-type-variable"},"acf":[],"_links":{"self":[{"href":"https:\/\/triga2026.semtix.eu\/en\/wp-json\/wp\/v2\/product\/14501","targetHints":{"allow":["GET"]}}],"collection":[{"href":"https:\/\/triga2026.semtix.eu\/en\/wp-json\/wp\/v2\/product"}],"about":[{"href":"https:\/\/triga2026.semtix.eu\/en\/wp-json\/wp\/v2\/types\/product"}],"replies":[{"embeddable":true,"href":"https:\/\/triga2026.semtix.eu\/en\/wp-json\/wp\/v2\/comments?post=14501"}],"wp:attachment":[{"href":"https:\/\/triga2026.semtix.eu\/en\/wp-json\/wp\/v2\/media?parent=14501"}],"wp:term":[{"taxonomy":"product_brand","embeddable":true,"href":"https:\/\/triga2026.semtix.eu\/en\/wp-json\/wp\/v2\/product_brand?post=14501"},{"taxonomy":"product_cat","embeddable":true,"href":"https:\/\/triga2026.semtix.eu\/en\/wp-json\/wp\/v2\/product_cat?post=14501"},{"taxonomy":"product_tag","embeddable":true,"href":"https:\/\/triga2026.semtix.eu\/en\/wp-json\/wp\/v2\/product_tag?post=14501"}],"curies":[{"name":"wp","href":"https:\/\/api.w.org\/{rel}","templated":true}]}}