{"id":14434,"date":"2026-05-15T10:35:14","date_gmt":"2026-05-15T08:35:14","guid":{"rendered":"https:\/\/triga2026.semtix.eu\/produkt\/universalni-upinani-verachtert-double\/"},"modified":"2026-05-15T10:35:22","modified_gmt":"2026-05-15T08:35:22","slug":"universalni-upinani-verachtert-double","status":"publish","type":"product","link":"https:\/\/triga2026.semtix.eu\/en\/product\/universalni-upinani-verachtert-double\/","title":{"rendered":"Univers\u00e1ln\u00ed up\u00edn\u00e1n\u00ed Verachtert Double"},"content":{"rendered":"","protected":false},"excerpt":{"rendered":"","protected":false},"featured_media":0,"comment_status":"closed","ping_status":"open","template":"","meta":{"_acf_changed":false},"product_brand":[],"product_cat":[31],"product_tag":[5957,1606,1607,1608,1609],"class_list":{"0":"post-14434","1":"product","2":"type-product","3":"status-publish","5":"product_cat-rypadla-mala","6":"product_tag-1606","7":"product_tag-1607","8":"product_tag-1608","9":"product_tag-1609","10":"pa_komercni-kod-1-ca-05-double","11":"pa_komercni-kod-1-ca-10-double","12":"pa_komercni-kod-1-ca-20-30-40-double","13":"pa_trida-151","14":"pa_vyrobek-u-ve-dbl","16":"first","17":"instock","18":"purchasable","19":"product-type-variable"},"acf":[],"_links":{"self":[{"href":"https:\/\/triga2026.semtix.eu\/en\/wp-json\/wp\/v2\/product\/14434","targetHints":{"allow":["GET"]}}],"collection":[{"href":"https:\/\/triga2026.semtix.eu\/en\/wp-json\/wp\/v2\/product"}],"about":[{"href":"https:\/\/triga2026.semtix.eu\/en\/wp-json\/wp\/v2\/types\/product"}],"replies":[{"embeddable":true,"href":"https:\/\/triga2026.semtix.eu\/en\/wp-json\/wp\/v2\/comments?post=14434"}],"wp:attachment":[{"href":"https:\/\/triga2026.semtix.eu\/en\/wp-json\/wp\/v2\/media?parent=14434"}],"wp:term":[{"taxonomy":"product_brand","embeddable":true,"href":"https:\/\/triga2026.semtix.eu\/en\/wp-json\/wp\/v2\/product_brand?post=14434"},{"taxonomy":"product_cat","embeddable":true,"href":"https:\/\/triga2026.semtix.eu\/en\/wp-json\/wp\/v2\/product_cat?post=14434"},{"taxonomy":"product_tag","embeddable":true,"href":"https:\/\/triga2026.semtix.eu\/en\/wp-json\/wp\/v2\/product_tag?post=14434"}],"curies":[{"name":"wp","href":"https:\/\/api.w.org\/{rel}","templated":true}]}}