{"id":14392,"date":"2026-05-15T10:35:03","date_gmt":"2026-05-15T08:35:03","guid":{"rendered":"https:\/\/triga2026.semtix.eu\/produkt\/universalni-upinani-lehnhoff-standard-2\/"},"modified":"2026-05-15T10:35:10","modified_gmt":"2026-05-15T08:35:10","slug":"universalni-upinani-lehnhoff-standard-2","status":"publish","type":"product","link":"https:\/\/triga2026.semtix.eu\/en\/product\/universalni-upinani-lehnhoff-standard-2\/","title":{"rendered":"Univers\u00e1ln\u00ed up\u00edn\u00e1n\u00ed Lehnhoff Standard"},"content":{"rendered":"","protected":false},"excerpt":{"rendered":"","protected":false},"featured_media":0,"comment_status":"closed","ping_status":"open","template":"","meta":{"_acf_changed":false},"product_brand":[],"product_cat":[443],"product_tag":[1610,9731,1611,1612,1617,1613],"class_list":{"0":"post-14392","1":"product","2":"type-product","3":"status-publish","5":"product_cat-rypadla-stredni","6":"product_tag-1610","7":"product_tag-9731","8":"product_tag-1611","9":"product_tag-1612","10":"product_tag-1617","11":"product_tag-1613","12":"pa_komercni-kod-1-sw-01","13":"pa_komercni-kod-1-sw-03","14":"pa_komercni-kod-1-sw-08","15":"pa_komercni-kod-1-sw-10","16":"pa_komercni-kod-1-sw-21-25","17":"pa_trida-726","18":"pa_vyrobek-u-lh-std","20":"first","21":"instock","22":"purchasable","23":"product-type-variable"},"acf":[],"_links":{"self":[{"href":"https:\/\/triga2026.semtix.eu\/en\/wp-json\/wp\/v2\/product\/14392","targetHints":{"allow":["GET"]}}],"collection":[{"href":"https:\/\/triga2026.semtix.eu\/en\/wp-json\/wp\/v2\/product"}],"about":[{"href":"https:\/\/triga2026.semtix.eu\/en\/wp-json\/wp\/v2\/types\/product"}],"replies":[{"embeddable":true,"href":"https:\/\/triga2026.semtix.eu\/en\/wp-json\/wp\/v2\/comments?post=14392"}],"wp:attachment":[{"href":"https:\/\/triga2026.semtix.eu\/en\/wp-json\/wp\/v2\/media?parent=14392"}],"wp:term":[{"taxonomy":"product_brand","embeddable":true,"href":"https:\/\/triga2026.semtix.eu\/en\/wp-json\/wp\/v2\/product_brand?post=14392"},{"taxonomy":"product_cat","embeddable":true,"href":"https:\/\/triga2026.semtix.eu\/en\/wp-json\/wp\/v2\/product_cat?post=14392"},{"taxonomy":"product_tag","embeddable":true,"href":"https:\/\/triga2026.semtix.eu\/en\/wp-json\/wp\/v2\/product_tag?post=14392"}],"curies":[{"name":"wp","href":"https:\/\/api.w.org\/{rel}","templated":true}]}}