{"id":14055,"date":"2026-05-15T10:31:10","date_gmt":"2026-05-15T08:31:10","guid":{"rendered":"https:\/\/triga2026.semtix.eu\/produkt\/naklapeci-svahovaci-lopata-gd-3\/"},"modified":"2026-05-15T10:31:22","modified_gmt":"2026-05-15T08:31:22","slug":"naklapeci-svahovaci-lopata-gd-3","status":"publish","type":"product","link":"https:\/\/triga2026.semtix.eu\/en\/product\/naklapeci-svahovaci-lopata-gd-3\/","title":{"rendered":"Nakl\u00e1p\u011bc\u00ed svahovac\u00ed lopata GD"},"content":{"rendered":"","protected":false},"excerpt":{"rendered":"","protected":false},"featured_media":12868,"comment_status":"closed","ping_status":"open","template":"","meta":{"_acf_changed":false},"product_brand":[],"product_cat":[1132],"product_tag":[1614,5959,1615,1616,5961,1622,5952,1624,5953],"class_list":{"0":"post-14055","1":"product","2":"type-product","3":"status-publish","4":"has-post-thumbnail","6":"product_cat-rypadla-velka","7":"product_tag-1614","8":"product_tag-5959","9":"product_tag-1615","10":"product_tag-1616","11":"product_tag-5961","12":"product_tag-1622","13":"product_tag-5952","14":"product_tag-1624","15":"product_tag-5953","16":"pa_druhy-prace-28","17":"pa_komercni-kod-w-gd-10-2000","18":"pa_komercni-kod-w-gd-10-2200","19":"pa_komercni-kod-w-gd-10-2400","20":"pa_komercni-kod-1-w-gd-10","21":"pa_naklopeni-2x45","22":"pa_objem-m3-1-26","23":"pa_objem-m3-1-38","24":"pa_objem-m3-1-51","25":"pa_podminky-prace-gd","26":"pa_sirka-mm-708","27":"pa_sirka-mm-1108","28":"pa_sirka-mm-1111","29":"pa_trida-1127","30":"pa_vyrobek-w","32":"first","33":"instock","34":"purchasable","35":"product-type-variable"},"acf":[],"_links":{"self":[{"href":"https:\/\/triga2026.semtix.eu\/en\/wp-json\/wp\/v2\/product\/14055","targetHints":{"allow":["GET"]}}],"collection":[{"href":"https:\/\/triga2026.semtix.eu\/en\/wp-json\/wp\/v2\/product"}],"about":[{"href":"https:\/\/triga2026.semtix.eu\/en\/wp-json\/wp\/v2\/types\/product"}],"replies":[{"embeddable":true,"href":"https:\/\/triga2026.semtix.eu\/en\/wp-json\/wp\/v2\/comments?post=14055"}],"wp:featuredmedia":[{"embeddable":true,"href":"https:\/\/triga2026.semtix.eu\/en\/wp-json\/wp\/v2\/media\/12868"}],"wp:attachment":[{"href":"https:\/\/triga2026.semtix.eu\/en\/wp-json\/wp\/v2\/media?parent=14055"}],"wp:term":[{"taxonomy":"product_brand","embeddable":true,"href":"https:\/\/triga2026.semtix.eu\/en\/wp-json\/wp\/v2\/product_brand?post=14055"},{"taxonomy":"product_cat","embeddable":true,"href":"https:\/\/triga2026.semtix.eu\/en\/wp-json\/wp\/v2\/product_cat?post=14055"},{"taxonomy":"product_tag","embeddable":true,"href":"https:\/\/triga2026.semtix.eu\/en\/wp-json\/wp\/v2\/product_tag?post=14055"}],"curies":[{"name":"wp","href":"https:\/\/api.w.org\/{rel}","templated":true}]}}