{"id":13745,"date":"2026-05-15T10:28:18","date_gmt":"2026-05-15T08:28:18","guid":{"rendered":"https:\/\/triga2026.semtix.eu\/produkt\/rovnaci-ram-s-valcem-rrv-2\/"},"modified":"2026-05-15T10:28:30","modified_gmt":"2026-05-15T08:28:30","slug":"rovnaci-ram-s-valcem-rrv-2","status":"publish","type":"product","link":"https:\/\/triga2026.semtix.eu\/en\/product\/rovnaci-ram-s-valcem-rrv-2\/","title":{"rendered":"Rovnac\u00ed r\u00e1m s v\u00e1lcem RRV"},"content":{"rendered":"","protected":false},"excerpt":{"rendered":"","protected":false},"featured_media":12886,"comment_status":"closed","ping_status":"open","template":"","meta":{"_acf_changed":false},"product_brand":[],"product_cat":[443],"product_tag":[1610,9731,1611,1612,1617,1613],"class_list":{"0":"post-13745","1":"product","2":"type-product","3":"status-publish","4":"has-post-thumbnail","6":"product_cat-rypadla-stredni","7":"product_tag-1610","8":"product_tag-9731","9":"product_tag-1611","10":"product_tag-1612","11":"product_tag-1617","12":"product_tag-1613","13":"pa_druhy-prace-28","14":"pa_komercni-kod-rrv5-2000","15":"pa_komercni-kod-rrv5-2500","16":"pa_komercni-kod-rrv6-2000","17":"pa_komercni-kod-rrv6-2500","18":"pa_komercni-kod-rrv7-2000","19":"pa_komercni-kod-rrv7-2500","20":"pa_komercni-kod-rrv8-2000","21":"pa_komercni-kod-rrv8-2500","22":"pa_komercni-kod-rrv9-2000","23":"pa_komercni-kod-rrv9-2500","24":"pa_komercni-kod-1-rrv5","25":"pa_komercni-kod-1-rrv6","26":"pa_komercni-kod-1-rrv7","27":"pa_komercni-kod-1-rrv8","28":"pa_komercni-kod-1-rrv9","29":"pa_sirka-mm-708","30":"pa_sirka-mm-2742","31":"pa_trida-438","32":"pa_trida-600","33":"pa_trida-726","34":"pa_trida-846","35":"pa_trida-978","36":"pa_vyrobek-rrv","38":"first","39":"instock","40":"purchasable","41":"product-type-variable"},"acf":[],"_links":{"self":[{"href":"https:\/\/triga2026.semtix.eu\/en\/wp-json\/wp\/v2\/product\/13745","targetHints":{"allow":["GET"]}}],"collection":[{"href":"https:\/\/triga2026.semtix.eu\/en\/wp-json\/wp\/v2\/product"}],"about":[{"href":"https:\/\/triga2026.semtix.eu\/en\/wp-json\/wp\/v2\/types\/product"}],"replies":[{"embeddable":true,"href":"https:\/\/triga2026.semtix.eu\/en\/wp-json\/wp\/v2\/comments?post=13745"}],"wp:featuredmedia":[{"embeddable":true,"href":"https:\/\/triga2026.semtix.eu\/en\/wp-json\/wp\/v2\/media\/12886"}],"wp:attachment":[{"href":"https:\/\/triga2026.semtix.eu\/en\/wp-json\/wp\/v2\/media?parent=13745"}],"wp:term":[{"taxonomy":"product_brand","embeddable":true,"href":"https:\/\/triga2026.semtix.eu\/en\/wp-json\/wp\/v2\/product_brand?post=13745"},{"taxonomy":"product_cat","embeddable":true,"href":"https:\/\/triga2026.semtix.eu\/en\/wp-json\/wp\/v2\/product_cat?post=13745"},{"taxonomy":"product_tag","embeddable":true,"href":"https:\/\/triga2026.semtix.eu\/en\/wp-json\/wp\/v2\/product_tag?post=13745"}],"curies":[{"name":"wp","href":"https:\/\/api.w.org\/{rel}","templated":true}]}}