{"id":13696,"date":"2026-05-15T10:27:26","date_gmt":"2026-05-15T08:27:26","guid":{"rendered":"https:\/\/triga2026.semtix.eu\/produkt\/naklapeci-rotacni-hlava-typu-lehnhoff-nrh-hnrh-2\/"},"modified":"2026-05-15T10:27:53","modified_gmt":"2026-05-15T08:27:53","slug":"naklapeci-rotacni-hlava-typu-lehnhoff-nrh-hnrh-2","status":"publish","type":"product","link":"https:\/\/triga2026.semtix.eu\/en\/product\/naklapeci-rotacni-hlava-typu-lehnhoff-nrh-hnrh-2\/","title":{"rendered":"Nakl\u00e1p\u011bc\u00ed rota\u010dn\u00ed hlava typu Lehnhoff NRH \/ HNRH"},"content":{"rendered":"","protected":false},"excerpt":{"rendered":"","protected":false},"featured_media":0,"comment_status":"closed","ping_status":"open","template":"","meta":{"_acf_changed":false},"product_brand":[],"product_cat":[443],"product_tag":[1610,9731,1611,1612,1617,1613],"class_list":{"0":"post-13696","1":"product","2":"type-product","3":"status-publish","5":"product_cat-rypadla-stredni","6":"product_tag-1610","7":"product_tag-9731","8":"product_tag-1611","9":"product_tag-1612","10":"product_tag-1617","11":"product_tag-1613","12":"pa_druhy-prace-28","13":"pa_komercni-kod-nrh5-ms08-2x55-360","14":"pa_komercni-kod-nrh6-ms08-2x55-360","15":"pa_komercni-kod-nrh7-ms10-2x55-360","16":"pa_komercni-kod-nrh8-ms10-2x55-360","17":"pa_komercni-kod-nrh9-ms21-2x55-360","18":"pa_komercni-kod-1-nrh5-ms08","19":"pa_komercni-kod-1-nrh6-ms08","20":"pa_komercni-kod-1-nrh7-ms10","21":"pa_komercni-kod-1-nrh8-ms10","22":"pa_komercni-kod-1-nrh9-ms21","23":"pa_komercni-kod-3-hnrh5-hs08-2x55-360","24":"pa_komercni-kod-3-hnrh6-hs08-2x55-360","25":"pa_komercni-kod-3-hnrh7-hs10-2x55-360","26":"pa_komercni-kod-3-hnrh8-hs10-2x55-360","27":"pa_komercni-kod-3-hnrh9-hs21-2x55-360","28":"pa_naklopeni-2x55","29":"pa_provedeni-rychloupinace-mechanicke-hydraulicke","30":"pa_rotace-173","31":"pa_trida-438","32":"pa_trida-600","33":"pa_trida-726","34":"pa_trida-846","35":"pa_trida-978","36":"pa_vyrobek-nrh-ms-hs","38":"first","39":"instock","40":"purchasable","41":"product-type-variable"},"acf":[],"_links":{"self":[{"href":"https:\/\/triga2026.semtix.eu\/en\/wp-json\/wp\/v2\/product\/13696","targetHints":{"allow":["GET"]}}],"collection":[{"href":"https:\/\/triga2026.semtix.eu\/en\/wp-json\/wp\/v2\/product"}],"about":[{"href":"https:\/\/triga2026.semtix.eu\/en\/wp-json\/wp\/v2\/types\/product"}],"replies":[{"embeddable":true,"href":"https:\/\/triga2026.semtix.eu\/en\/wp-json\/wp\/v2\/comments?post=13696"}],"wp:attachment":[{"href":"https:\/\/triga2026.semtix.eu\/en\/wp-json\/wp\/v2\/media?parent=13696"}],"wp:term":[{"taxonomy":"product_brand","embeddable":true,"href":"https:\/\/triga2026.semtix.eu\/en\/wp-json\/wp\/v2\/product_brand?post=13696"},{"taxonomy":"product_cat","embeddable":true,"href":"https:\/\/triga2026.semtix.eu\/en\/wp-json\/wp\/v2\/product_cat?post=13696"},{"taxonomy":"product_tag","embeddable":true,"href":"https:\/\/triga2026.semtix.eu\/en\/wp-json\/wp\/v2\/product_tag?post=13696"}],"curies":[{"name":"wp","href":"https:\/\/api.w.org\/{rel}","templated":true}]}}