{"id":13636,"date":"2026-05-15T10:27:00","date_gmt":"2026-05-15T08:27:00","guid":{"rendered":"https:\/\/triga2026.semtix.eu\/produkt\/naklapeci-hlava-cepova-nh-hnh-2\/"},"modified":"2026-05-15T10:27:08","modified_gmt":"2026-05-15T08:27:08","slug":"naklapeci-hlava-cepova-nh-hnh-2","status":"publish","type":"product","link":"https:\/\/triga2026.semtix.eu\/en\/product\/naklapeci-hlava-cepova-nh-hnh-2\/","title":{"rendered":"Nakl\u00e1p\u011bc\u00ed hlava \u010depov\u00e1 NH \/ HNH"},"content":{"rendered":"","protected":false},"excerpt":{"rendered":"","protected":false},"featured_media":12875,"comment_status":"closed","ping_status":"open","template":"","meta":{"_acf_changed":false},"product_brand":[],"product_cat":[443],"product_tag":[1610,9731,1611,1612,1617,1613],"class_list":{"0":"post-13636","1":"product","2":"type-product","3":"status-publish","4":"has-post-thumbnail","6":"product_cat-rypadla-stredni","7":"product_tag-1610","8":"product_tag-9731","9":"product_tag-1611","10":"product_tag-1612","11":"product_tag-1617","12":"product_tag-1613","13":"pa_druhy-prace-28","14":"pa_komercni-kod-nh-pin-on-5-50-2x50-70-90","15":"pa_komercni-kod-nh-pin-on-5-55-2x50-70-90","16":"pa_komercni-kod-nh-pin-on-6-50-2x50-70-90","17":"pa_komercni-kod-nh-pin-on-6-55-2x50-70-90","18":"pa_komercni-kod-nh-pin-on-6-60-2x50-70-90","19":"pa_komercni-kod-nh-pin-on-7-60-2x50-70-90","20":"pa_komercni-kod-nh-pin-on-7-65-2x50-70-90","21":"pa_komercni-kod-nh-pin-on-7-70-2x50-70-90","22":"pa_komercni-kod-nh-pin-on-8-60-2x50-70-90","23":"pa_komercni-kod-nh-pin-on-8-70-2x50-70-90","24":"pa_komercni-kod-nh-pin-on-8-80-2x50-70-90","25":"pa_komercni-kod-nh-pin-on-9-70-2x50-70-90","26":"pa_komercni-kod-nh-pin-on-9-80-2x50-70-90","27":"pa_komercni-kod-1-nh-pin-on-5","28":"pa_komercni-kod-1-nh-pin-on-6","29":"pa_komercni-kod-1-nh-pin-on-7","30":"pa_komercni-kod-1-nh-pin-on-8","31":"pa_komercni-kod-1-nh-pin-on-9","32":"pa_komercni-kod-3-hnh-pin-on-5-50-2x50-70-90","33":"pa_komercni-kod-3-hnh-pin-on-5-55-2x50-70-90","34":"pa_komercni-kod-3-hnh-pin-on-6-50-2x50-70-90","35":"pa_komercni-kod-3-hnh-pin-on-6-55-2x50-70-90","36":"pa_komercni-kod-3-hnh-pin-on-6-60-2x50-70-90","37":"pa_komercni-kod-3-hnh-pin-on-7-60-2x50-70-90","38":"pa_komercni-kod-3-hnh-pin-on-7-65-2x50-70-90","39":"pa_komercni-kod-3-hnh-pin-on-7-70-2x50-70-90","40":"pa_komercni-kod-3-hnh-pin-on-8-60-2x50-70-90","41":"pa_komercni-kod-3-hnh-pin-on-8-70-2x50-70-90","42":"pa_komercni-kod-3-hnh-pin-on-8-80-2x50-70-90","43":"pa_komercni-kod-3-hnh-pin-on-9-70-2x50-70-90","44":"pa_komercni-kod-3-hnh-pin-on-9-80-2x50-70-90","45":"pa_naklopeni-2x50-70-90","46":"pa_provedeni-rychloupinace-mechanicke-hydraulicke","47":"pa_trida-438","48":"pa_trida-600","49":"pa_trida-726","50":"pa_trida-846","51":"pa_trida-978","52":"pa_vyrobek-nh-pin-on","54":"first","55":"instock","56":"purchasable","57":"product-type-variable"},"acf":[],"_links":{"self":[{"href":"https:\/\/triga2026.semtix.eu\/en\/wp-json\/wp\/v2\/product\/13636","targetHints":{"allow":["GET"]}}],"collection":[{"href":"https:\/\/triga2026.semtix.eu\/en\/wp-json\/wp\/v2\/product"}],"about":[{"href":"https:\/\/triga2026.semtix.eu\/en\/wp-json\/wp\/v2\/types\/product"}],"replies":[{"embeddable":true,"href":"https:\/\/triga2026.semtix.eu\/en\/wp-json\/wp\/v2\/comments?post=13636"}],"wp:featuredmedia":[{"embeddable":true,"href":"https:\/\/triga2026.semtix.eu\/en\/wp-json\/wp\/v2\/media\/12875"}],"wp:attachment":[{"href":"https:\/\/triga2026.semtix.eu\/en\/wp-json\/wp\/v2\/media?parent=13636"}],"wp:term":[{"taxonomy":"product_brand","embeddable":true,"href":"https:\/\/triga2026.semtix.eu\/en\/wp-json\/wp\/v2\/product_brand?post=13636"},{"taxonomy":"product_cat","embeddable":true,"href":"https:\/\/triga2026.semtix.eu\/en\/wp-json\/wp\/v2\/product_cat?post=13636"},{"taxonomy":"product_tag","embeddable":true,"href":"https:\/\/triga2026.semtix.eu\/en\/wp-json\/wp\/v2\/product_tag?post=13636"}],"curies":[{"name":"wp","href":"https:\/\/api.w.org\/{rel}","templated":true}]}}