{"id":13450,"date":"2026-05-15T10:25:01","date_gmt":"2026-05-15T08:25:01","guid":{"rendered":"https:\/\/triga2026.semtix.eu\/produkt\/prikopova-lopata-hd-2\/"},"modified":"2026-05-15T10:25:22","modified_gmt":"2026-05-15T08:25:22","slug":"prikopova-lopata-hd-2","status":"publish","type":"product","link":"https:\/\/triga2026.semtix.eu\/en\/product\/prikopova-lopata-hd-2\/","title":{"rendered":"P\u0159\u00edkopov\u00e1 lopata HD"},"content":{"rendered":"","protected":false},"excerpt":{"rendered":"","protected":false},"featured_media":12881,"comment_status":"closed","ping_status":"open","template":"","meta":{"_acf_changed":false},"product_brand":[],"product_cat":[443],"product_tag":[1610,9731,1611,1612,1617,1613],"class_list":{"0":"post-13450","1":"product","2":"type-product","3":"status-publish","4":"has-post-thumbnail","6":"product_cat-rypadla-stredni","7":"product_tag-1610","8":"product_tag-9731","9":"product_tag-1611","10":"product_tag-1612","11":"product_tag-1617","12":"product_tag-1613","13":"pa_druhy-prace-28","14":"pa_komercni-kod-v-hd-5-250-60","15":"pa_komercni-kod-v-hd-5-300-60","16":"pa_komercni-kod-v-hd-5-400-60","17":"pa_komercni-kod-v-hd-5-500-60","18":"pa_komercni-kod-v-hd-6-300-60","19":"pa_komercni-kod-v-hd-6-350-60","20":"pa_komercni-kod-v-hd-6-400-60","21":"pa_komercni-kod-v-hd-6-450-60","22":"pa_komercni-kod-v-hd-6-500-60","23":"pa_komercni-kod-v-hd-7-300-60","24":"pa_komercni-kod-v-hd-7-350-60","25":"pa_komercni-kod-v-hd-7-400-60","26":"pa_komercni-kod-v-hd-7-450-60","27":"pa_komercni-kod-v-hd-7-500-60","28":"pa_komercni-kod-v-hd-8-300-60","29":"pa_komercni-kod-v-hd-8-350-60","30":"pa_komercni-kod-v-hd-8-400-60","31":"pa_komercni-kod-v-hd-8-450-60","32":"pa_komercni-kod-v-hd-8-500-60","33":"pa_komercni-kod-v-hd-9-350-60","34":"pa_komercni-kod-v-hd-9-400-60","35":"pa_komercni-kod-v-hd-9-450-60","36":"pa_komercni-kod-v-hd-9-500-60","37":"pa_komercni-kod-1-v-hd-5","38":"pa_komercni-kod-1-v-hd-6","39":"pa_komercni-kod-1-v-hd-7","40":"pa_komercni-kod-1-v-hd-8","41":"pa_komercni-kod-1-v-hd-9","42":"pa_objem-l-536","43":"pa_objem-l-480","44":"pa_objem-l-539","45":"pa_objem-l-692","46":"pa_objem-l-541","47":"pa_objem-l-643","48":"pa_objem-l-696","49":"pa_objem-l-486","50":"pa_objem-l-699","51":"pa_objem-l-834","52":"pa_objem-l-836","53":"pa_objem-l-839","54":"pa_objem-l-951","55":"pa_objem-l-841","56":"pa_objem-l-953","57":"pa_objem-l-1097","58":"pa_objem-l-955","59":"pa_objem-l-957","60":"pa_objem-l-1099","61":"pa_objem-l-1101","62":"pa_objem-l-1103","63":"pa_objem-l-391","64":"pa_podminky-prace-hd","65":"pa_sirka-mm-40","66":"pa_sirka-mm-44","67":"pa_sirka-mm-694","68":"pa_sirka-mm-47","69":"pa_sirka-mm-698","70":"pa_sirka-mm-92","71":"pa_trida-438","72":"pa_trida-600","73":"pa_trida-726","74":"pa_trida-846","75":"pa_trida-978","76":"pa_vyrobek-v","78":"first","79":"instock","80":"purchasable","81":"product-type-variable"},"acf":[],"_links":{"self":[{"href":"https:\/\/triga2026.semtix.eu\/en\/wp-json\/wp\/v2\/product\/13450","targetHints":{"allow":["GET"]}}],"collection":[{"href":"https:\/\/triga2026.semtix.eu\/en\/wp-json\/wp\/v2\/product"}],"about":[{"href":"https:\/\/triga2026.semtix.eu\/en\/wp-json\/wp\/v2\/types\/product"}],"replies":[{"embeddable":true,"href":"https:\/\/triga2026.semtix.eu\/en\/wp-json\/wp\/v2\/comments?post=13450"}],"wp:featuredmedia":[{"embeddable":true,"href":"https:\/\/triga2026.semtix.eu\/en\/wp-json\/wp\/v2\/media\/12881"}],"wp:attachment":[{"href":"https:\/\/triga2026.semtix.eu\/en\/wp-json\/wp\/v2\/media?parent=13450"}],"wp:term":[{"taxonomy":"product_brand","embeddable":true,"href":"https:\/\/triga2026.semtix.eu\/en\/wp-json\/wp\/v2\/product_brand?post=13450"},{"taxonomy":"product_cat","embeddable":true,"href":"https:\/\/triga2026.semtix.eu\/en\/wp-json\/wp\/v2\/product_cat?post=13450"},{"taxonomy":"product_tag","embeddable":true,"href":"https:\/\/triga2026.semtix.eu\/en\/wp-json\/wp\/v2\/product_tag?post=13450"}],"curies":[{"name":"wp","href":"https:\/\/api.w.org\/{rel}","templated":true}]}}