{"id":14527,"date":"2026-05-15T10:36:19","date_gmt":"2026-05-15T08:36:19","guid":{"rendered":"https:\/\/triga2026.semtix.eu\/produkt\/rychloupinac-pro-nakladac\/"},"modified":"2026-05-15T10:36:33","modified_gmt":"2026-05-15T08:36:33","slug":"rychloupinac-pro-nakladac","status":"publish","type":"product","link":"https:\/\/triga2026.semtix.eu\/de\/produkt\/rychloupinac-pro-nakladac\/","title":{"rendered":"Rychloup\u00edna\u010d pro naklada\u010d"},"content":{"rendered":"","protected":false},"excerpt":{"rendered":"","protected":false},"featured_media":12794,"comment_status":"closed","ping_status":"open","template":"","meta":{"_acf_changed":false},"product_brand":[],"product_cat":[9522],"product_tag":[10130],"class_list":{"0":"post-14527","1":"product","2":"type-product","3":"status-publish","4":"has-post-thumbnail","6":"product_cat-zemedelske-stroje","7":"product_tag-10130","8":"pa_druhy-prace--stavebnictvi-a-uprava-terenu--manipulace-a-zemedelstvi","9":"pa_komercni-kod-rzn-75","10":"pa_komercni-kod-1-rzn-75","11":"pa_trida-7-5","12":"pa_vyrobek-rzn","14":"first","15":"instock","16":"purchasable","17":"product-type-simple"},"acf":[],"_links":{"self":[{"href":"https:\/\/triga2026.semtix.eu\/de\/wp-json\/wp\/v2\/product\/14527","targetHints":{"allow":["GET"]}}],"collection":[{"href":"https:\/\/triga2026.semtix.eu\/de\/wp-json\/wp\/v2\/product"}],"about":[{"href":"https:\/\/triga2026.semtix.eu\/de\/wp-json\/wp\/v2\/types\/product"}],"replies":[{"embeddable":true,"href":"https:\/\/triga2026.semtix.eu\/de\/wp-json\/wp\/v2\/comments?post=14527"}],"wp:featuredmedia":[{"embeddable":true,"href":"https:\/\/triga2026.semtix.eu\/de\/wp-json\/wp\/v2\/media\/12794"}],"wp:attachment":[{"href":"https:\/\/triga2026.semtix.eu\/de\/wp-json\/wp\/v2\/media?parent=14527"}],"wp:term":[{"taxonomy":"product_brand","embeddable":true,"href":"https:\/\/triga2026.semtix.eu\/de\/wp-json\/wp\/v2\/product_brand?post=14527"},{"taxonomy":"product_cat","embeddable":true,"href":"https:\/\/triga2026.semtix.eu\/de\/wp-json\/wp\/v2\/product_cat?post=14527"},{"taxonomy":"product_tag","embeddable":true,"href":"https:\/\/triga2026.semtix.eu\/de\/wp-json\/wp\/v2\/product_tag?post=14527"}],"curies":[{"name":"wp","href":"https:\/\/api.w.org\/{rel}","templated":true}]}}