{"id":14438,"date":"2026-05-15T10:35:14","date_gmt":"2026-05-15T08:35:14","guid":{"rendered":"https:\/\/triga2026.semtix.eu\/produkt\/universalni-upinani-verachtert-double-2\/"},"modified":"2026-05-15T10:35:37","modified_gmt":"2026-05-15T08:35:37","slug":"universalni-upinani-verachtert-double-2","status":"publish","type":"product","link":"https:\/\/triga2026.semtix.eu\/de\/produkt\/universalni-upinani-verachtert-double-2\/","title":{"rendered":"Univers\u00e1ln\u00ed up\u00edn\u00e1n\u00ed Verachtert Double"},"content":{"rendered":"","protected":false},"excerpt":{"rendered":"","protected":false},"featured_media":0,"comment_status":"closed","ping_status":"open","template":"","meta":{"_acf_changed":false},"product_brand":[],"product_cat":[443],"product_tag":[1610,9731,1611,1612,1617,1613],"class_list":{"0":"post-14438","1":"product","2":"type-product","3":"status-publish","5":"product_cat-rypadla-stredni","6":"product_tag-1610","7":"product_tag-9731","8":"product_tag-1611","9":"product_tag-1612","10":"product_tag-1617","11":"product_tag-1613","12":"pa_komercni-kod-1-ca-05-double","13":"pa_komercni-kod-1-ca-10-double","14":"pa_komercni-kod-1-ca-20-30-40-double","15":"pa_trida-726","16":"pa_vyrobek-u-ve-dbl","18":"first","19":"instock","20":"purchasable","21":"product-type-variable"},"acf":[],"_links":{"self":[{"href":"https:\/\/triga2026.semtix.eu\/de\/wp-json\/wp\/v2\/product\/14438","targetHints":{"allow":["GET"]}}],"collection":[{"href":"https:\/\/triga2026.semtix.eu\/de\/wp-json\/wp\/v2\/product"}],"about":[{"href":"https:\/\/triga2026.semtix.eu\/de\/wp-json\/wp\/v2\/types\/product"}],"replies":[{"embeddable":true,"href":"https:\/\/triga2026.semtix.eu\/de\/wp-json\/wp\/v2\/comments?post=14438"}],"wp:attachment":[{"href":"https:\/\/triga2026.semtix.eu\/de\/wp-json\/wp\/v2\/media?parent=14438"}],"wp:term":[{"taxonomy":"product_brand","embeddable":true,"href":"https:\/\/triga2026.semtix.eu\/de\/wp-json\/wp\/v2\/product_brand?post=14438"},{"taxonomy":"product_cat","embeddable":true,"href":"https:\/\/triga2026.semtix.eu\/de\/wp-json\/wp\/v2\/product_cat?post=14438"},{"taxonomy":"product_tag","embeddable":true,"href":"https:\/\/triga2026.semtix.eu\/de\/wp-json\/wp\/v2\/product_tag?post=14438"}],"curies":[{"name":"wp","href":"https:\/\/api.w.org\/{rel}","templated":true}]}}