{"id":14416,"date":"2026-05-15T10:35:14","date_gmt":"2026-05-15T08:35:14","guid":{"rendered":"https:\/\/triga2026.semtix.eu\/produkt\/universalni-upinani-verachtert-standard\/"},"modified":"2026-05-15T10:35:22","modified_gmt":"2026-05-15T08:35:22","slug":"universalni-upinani-verachtert-standard","status":"publish","type":"product","link":"https:\/\/triga2026.semtix.eu\/de\/produkt\/universalni-upinani-verachtert-standard\/","title":{"rendered":"Univers\u00e1ln\u00ed up\u00edn\u00e1n\u00ed Verachtert Standard"},"content":{"rendered":"","protected":false},"excerpt":{"rendered":"","protected":false},"featured_media":0,"comment_status":"closed","ping_status":"open","template":"","meta":{"_acf_changed":false},"product_brand":[],"product_cat":[31],"product_tag":[1618,1606,1607,1608,1609],"class_list":{"0":"post-14416","1":"product","2":"type-product","3":"status-publish","5":"product_cat-rypadla-mala","6":"product_tag-1606","7":"product_tag-1607","8":"product_tag-1608","9":"product_tag-1609","10":"pa_komercni-kod-1-ca-05","11":"pa_komercni-kod-1-ca-10","12":"pa_komercni-kod-1-ca-20-30-40","13":"pa_komercni-kod-1-ca-45","14":"pa_komercni-kod-1-ca-55","15":"pa_trida-151","16":"pa_vyrobek-u-ve-std","18":"first","19":"instock","20":"purchasable","21":"product-type-variable"},"acf":[],"_links":{"self":[{"href":"https:\/\/triga2026.semtix.eu\/de\/wp-json\/wp\/v2\/product\/14416","targetHints":{"allow":["GET"]}}],"collection":[{"href":"https:\/\/triga2026.semtix.eu\/de\/wp-json\/wp\/v2\/product"}],"about":[{"href":"https:\/\/triga2026.semtix.eu\/de\/wp-json\/wp\/v2\/types\/product"}],"replies":[{"embeddable":true,"href":"https:\/\/triga2026.semtix.eu\/de\/wp-json\/wp\/v2\/comments?post=14416"}],"wp:attachment":[{"href":"https:\/\/triga2026.semtix.eu\/de\/wp-json\/wp\/v2\/media?parent=14416"}],"wp:term":[{"taxonomy":"product_brand","embeddable":true,"href":"https:\/\/triga2026.semtix.eu\/de\/wp-json\/wp\/v2\/product_brand?post=14416"},{"taxonomy":"product_cat","embeddable":true,"href":"https:\/\/triga2026.semtix.eu\/de\/wp-json\/wp\/v2\/product_cat?post=14416"},{"taxonomy":"product_tag","embeddable":true,"href":"https:\/\/triga2026.semtix.eu\/de\/wp-json\/wp\/v2\/product_tag?post=14416"}],"curies":[{"name":"wp","href":"https:\/\/api.w.org\/{rel}","templated":true}]}}