{"id":14398,"date":"2026-05-15T10:35:03","date_gmt":"2026-05-15T08:35:03","guid":{"rendered":"https:\/\/triga2026.semtix.eu\/produkt\/universalni-upinani-lehnhoff-standard-3\/"},"modified":"2026-05-15T10:35:10","modified_gmt":"2026-05-15T08:35:10","slug":"universalni-upinani-lehnhoff-standard-3","status":"publish","type":"product","link":"https:\/\/triga2026.semtix.eu\/de\/produkt\/universalni-upinani-lehnhoff-standard-3\/","title":{"rendered":"Univers\u00e1ln\u00ed up\u00edn\u00e1n\u00ed Lehnhoff Standard"},"content":{"rendered":"","protected":false},"excerpt":{"rendered":"","protected":false},"featured_media":12867,"comment_status":"closed","ping_status":"open","template":"","meta":{"_acf_changed":false},"product_brand":[],"product_cat":[1132],"product_tag":[1614,5959,1615,1616,5961,1622,5952,1624,5953],"class_list":{"0":"post-14398","1":"product","2":"type-product","3":"status-publish","4":"has-post-thumbnail","6":"product_cat-rypadla-velka","7":"product_tag-1614","8":"product_tag-5959","9":"product_tag-1615","10":"product_tag-1616","11":"product_tag-5961","12":"product_tag-1622","13":"product_tag-5952","14":"product_tag-1624","15":"product_tag-5953","16":"pa_komercni-kod-1-sw-01","17":"pa_komercni-kod-1-sw-03","18":"pa_komercni-kod-1-sw-08","19":"pa_komercni-kod-1-sw-10","20":"pa_komercni-kod-1-sw-21-25","21":"pa_trida-1301","22":"pa_vyrobek-u-lh-std","24":"first","25":"instock","26":"purchasable","27":"product-type-variable"},"acf":[],"_links":{"self":[{"href":"https:\/\/triga2026.semtix.eu\/de\/wp-json\/wp\/v2\/product\/14398","targetHints":{"allow":["GET"]}}],"collection":[{"href":"https:\/\/triga2026.semtix.eu\/de\/wp-json\/wp\/v2\/product"}],"about":[{"href":"https:\/\/triga2026.semtix.eu\/de\/wp-json\/wp\/v2\/types\/product"}],"replies":[{"embeddable":true,"href":"https:\/\/triga2026.semtix.eu\/de\/wp-json\/wp\/v2\/comments?post=14398"}],"wp:featuredmedia":[{"embeddable":true,"href":"https:\/\/triga2026.semtix.eu\/de\/wp-json\/wp\/v2\/media\/12867"}],"wp:attachment":[{"href":"https:\/\/triga2026.semtix.eu\/de\/wp-json\/wp\/v2\/media?parent=14398"}],"wp:term":[{"taxonomy":"product_brand","embeddable":true,"href":"https:\/\/triga2026.semtix.eu\/de\/wp-json\/wp\/v2\/product_brand?post=14398"},{"taxonomy":"product_cat","embeddable":true,"href":"https:\/\/triga2026.semtix.eu\/de\/wp-json\/wp\/v2\/product_cat?post=14398"},{"taxonomy":"product_tag","embeddable":true,"href":"https:\/\/triga2026.semtix.eu\/de\/wp-json\/wp\/v2\/product_tag?post=14398"}],"curies":[{"name":"wp","href":"https:\/\/api.w.org\/{rel}","templated":true}]}}