{"id":14328,"date":"2026-05-15T10:34:24","date_gmt":"2026-05-15T08:34:24","guid":{"rendered":"https:\/\/triga2026.semtix.eu\/produkt\/upinani-system-s-standard-3\/"},"modified":"2026-05-15T10:34:46","modified_gmt":"2026-05-15T08:34:46","slug":"upinani-system-s-standard-3","status":"publish","type":"product","link":"https:\/\/triga2026.semtix.eu\/de\/produkt\/upinani-system-s-standard-3\/","title":{"rendered":"Up\u00edn\u00e1n\u00ed syst\u00e9m S-Standard"},"content":{"rendered":"","protected":false},"excerpt":{"rendered":"","protected":false},"featured_media":0,"comment_status":"closed","ping_status":"open","template":"","meta":{"_acf_changed":false},"product_brand":[],"product_cat":[1132],"product_tag":[1614,5959,1615,1616,5961,1622,5952,1624,5953],"class_list":{"0":"post-14328","1":"product","2":"type-product","3":"status-publish","5":"product_cat-rypadla-velka","6":"product_tag-1614","7":"product_tag-5959","8":"product_tag-1615","9":"product_tag-1616","10":"product_tag-5961","11":"product_tag-1622","12":"product_tag-5952","13":"product_tag-1624","14":"product_tag-5953","15":"pa_komercni-kod-1-s-100","16":"pa_komercni-kod-1-s-120","17":"pa_komercni-kod-1-s-30-150","18":"pa_komercni-kod-1-s-30-180","19":"pa_komercni-kod-1-s-40","20":"pa_komercni-kod-1-s-40-240","21":"pa_komercni-kod-1-s-45","22":"pa_komercni-kod-1-s-50","23":"pa_komercni-kod-1-s-60","24":"pa_komercni-kod-1-s-70","25":"pa_komercni-kod-1-s-80","26":"pa_komercni-kod-1-s-90","27":"pa_trida-1301","28":"pa_vyrobek-s-standard","30":"first","31":"instock","32":"purchasable","33":"product-type-variable"},"acf":[],"_links":{"self":[{"href":"https:\/\/triga2026.semtix.eu\/de\/wp-json\/wp\/v2\/product\/14328","targetHints":{"allow":["GET"]}}],"collection":[{"href":"https:\/\/triga2026.semtix.eu\/de\/wp-json\/wp\/v2\/product"}],"about":[{"href":"https:\/\/triga2026.semtix.eu\/de\/wp-json\/wp\/v2\/types\/product"}],"replies":[{"embeddable":true,"href":"https:\/\/triga2026.semtix.eu\/de\/wp-json\/wp\/v2\/comments?post=14328"}],"wp:attachment":[{"href":"https:\/\/triga2026.semtix.eu\/de\/wp-json\/wp\/v2\/media?parent=14328"}],"wp:term":[{"taxonomy":"product_brand","embeddable":true,"href":"https:\/\/triga2026.semtix.eu\/de\/wp-json\/wp\/v2\/product_brand?post=14328"},{"taxonomy":"product_cat","embeddable":true,"href":"https:\/\/triga2026.semtix.eu\/de\/wp-json\/wp\/v2\/product_cat?post=14328"},{"taxonomy":"product_tag","embeddable":true,"href":"https:\/\/triga2026.semtix.eu\/de\/wp-json\/wp\/v2\/product_tag?post=14328"}],"curies":[{"name":"wp","href":"https:\/\/api.w.org\/{rel}","templated":true}]}}