{"id":14258,"date":"2026-05-15T10:33:40","date_gmt":"2026-05-15T08:33:40","guid":{"rendered":"https:\/\/triga2026.semtix.eu\/produkt\/upinani-system-verachtert-2\/"},"modified":"2026-05-15T10:33:56","modified_gmt":"2026-05-15T08:33:56","slug":"upinani-system-verachtert-2","status":"publish","type":"product","link":"https:\/\/triga2026.semtix.eu\/de\/produkt\/upinani-system-verachtert-2\/","title":{"rendered":"Up\u00edn\u00e1n\u00ed syst\u00e9m Verachtert"},"content":{"rendered":"","protected":false},"excerpt":{"rendered":"","protected":false},"featured_media":0,"comment_status":"closed","ping_status":"open","template":"","meta":{"_acf_changed":false},"product_brand":[],"product_cat":[443],"product_tag":[1610,9731,1611,1612,1617,1613],"class_list":{"0":"post-14258","1":"product","2":"type-product","3":"status-publish","5":"product_cat-rypadla-stredni","6":"product_tag-1610","7":"product_tag-9731","8":"product_tag-1611","9":"product_tag-1612","10":"product_tag-1617","11":"product_tag-1613","12":"pa_komercni-kod-1-ca-05","13":"pa_komercni-kod-1-ca-10","14":"pa_komercni-kod-1-ca-20-30-40","15":"pa_komercni-kod-1-ca-20-30-40s","16":"pa_komercni-kod-1-ca-45","17":"pa_komercni-kod-1-ca-45s","18":"pa_komercni-kod-1-ca-55","19":"pa_komercni-kod-1-ca-55s","20":"pa_komercni-kod-1-ca-70","21":"pa_trida-726","22":"pa_vyrobek-verachtert","24":"first","25":"instock","26":"purchasable","27":"product-type-variable"},"acf":[],"_links":{"self":[{"href":"https:\/\/triga2026.semtix.eu\/de\/wp-json\/wp\/v2\/product\/14258","targetHints":{"allow":["GET"]}}],"collection":[{"href":"https:\/\/triga2026.semtix.eu\/de\/wp-json\/wp\/v2\/product"}],"about":[{"href":"https:\/\/triga2026.semtix.eu\/de\/wp-json\/wp\/v2\/types\/product"}],"replies":[{"embeddable":true,"href":"https:\/\/triga2026.semtix.eu\/de\/wp-json\/wp\/v2\/comments?post=14258"}],"wp:attachment":[{"href":"https:\/\/triga2026.semtix.eu\/de\/wp-json\/wp\/v2\/media?parent=14258"}],"wp:term":[{"taxonomy":"product_brand","embeddable":true,"href":"https:\/\/triga2026.semtix.eu\/de\/wp-json\/wp\/v2\/product_brand?post=14258"},{"taxonomy":"product_cat","embeddable":true,"href":"https:\/\/triga2026.semtix.eu\/de\/wp-json\/wp\/v2\/product_cat?post=14258"},{"taxonomy":"product_tag","embeddable":true,"href":"https:\/\/triga2026.semtix.eu\/de\/wp-json\/wp\/v2\/product_tag?post=14258"}],"curies":[{"name":"wp","href":"https:\/\/api.w.org\/{rel}","templated":true}]}}