{"id":14248,"date":"2026-05-15T10:33:40","date_gmt":"2026-05-15T08:33:40","guid":{"rendered":"https:\/\/triga2026.semtix.eu\/produkt\/upinani-system-verachtert\/"},"modified":"2026-05-15T10:33:52","modified_gmt":"2026-05-15T08:33:52","slug":"upinani-system-verachtert","status":"publish","type":"product","link":"https:\/\/triga2026.semtix.eu\/de\/produkt\/upinani-system-verachtert\/","title":{"rendered":"Up\u00edn\u00e1n\u00ed syst\u00e9m Verachtert"},"content":{"rendered":"","protected":false},"excerpt":{"rendered":"","protected":false},"featured_media":0,"comment_status":"closed","ping_status":"open","template":"","meta":{"_acf_changed":false},"product_brand":[],"product_cat":[31],"product_tag":[1618,1606,1607,1608,1609],"class_list":{"0":"post-14248","1":"product","2":"type-product","3":"status-publish","5":"product_cat-rypadla-mala","6":"product_tag-1606","7":"product_tag-1607","8":"product_tag-1608","9":"product_tag-1609","10":"pa_komercni-kod-1-ca-05","11":"pa_komercni-kod-1-ca-10","12":"pa_komercni-kod-1-ca-20-30-40","13":"pa_komercni-kod-1-ca-20-30-40s","14":"pa_komercni-kod-1-ca-45","15":"pa_komercni-kod-1-ca-45s","16":"pa_komercni-kod-1-ca-55","17":"pa_komercni-kod-1-ca-55s","18":"pa_komercni-kod-1-ca-70","19":"pa_trida-151","20":"pa_vyrobek-verachtert","22":"first","23":"instock","24":"purchasable","25":"product-type-variable"},"acf":[],"_links":{"self":[{"href":"https:\/\/triga2026.semtix.eu\/de\/wp-json\/wp\/v2\/product\/14248","targetHints":{"allow":["GET"]}}],"collection":[{"href":"https:\/\/triga2026.semtix.eu\/de\/wp-json\/wp\/v2\/product"}],"about":[{"href":"https:\/\/triga2026.semtix.eu\/de\/wp-json\/wp\/v2\/types\/product"}],"replies":[{"embeddable":true,"href":"https:\/\/triga2026.semtix.eu\/de\/wp-json\/wp\/v2\/comments?post=14248"}],"wp:attachment":[{"href":"https:\/\/triga2026.semtix.eu\/de\/wp-json\/wp\/v2\/media?parent=14248"}],"wp:term":[{"taxonomy":"product_brand","embeddable":true,"href":"https:\/\/triga2026.semtix.eu\/de\/wp-json\/wp\/v2\/product_brand?post=14248"},{"taxonomy":"product_cat","embeddable":true,"href":"https:\/\/triga2026.semtix.eu\/de\/wp-json\/wp\/v2\/product_cat?post=14248"},{"taxonomy":"product_tag","embeddable":true,"href":"https:\/\/triga2026.semtix.eu\/de\/wp-json\/wp\/v2\/product_tag?post=14248"}],"curies":[{"name":"wp","href":"https:\/\/api.w.org\/{rel}","templated":true}]}}