{"id":14238,"date":"2026-05-15T10:33:28","date_gmt":"2026-05-15T08:33:28","guid":{"rendered":"https:\/\/triga2026.semtix.eu\/produkt\/upinani-system-lehnhoff-3\/"},"modified":"2026-05-15T10:33:52","modified_gmt":"2026-05-15T08:33:52","slug":"upinani-system-lehnhoff-3","status":"publish","type":"product","link":"https:\/\/triga2026.semtix.eu\/de\/produkt\/upinani-system-lehnhoff-3\/","title":{"rendered":"Up\u00edn\u00e1n\u00ed syst\u00e9m Lehnhoff"},"content":{"rendered":"","protected":false},"excerpt":{"rendered":"","protected":false},"featured_media":0,"comment_status":"closed","ping_status":"open","template":"","meta":{"_acf_changed":false},"product_brand":[],"product_cat":[1132],"product_tag":[1614,5959,1615,1616,5961,1622,5952,1624,5953],"class_list":{"0":"post-14238","1":"product","2":"type-product","3":"status-publish","5":"product_cat-rypadla-velka","6":"product_tag-1614","7":"product_tag-5959","8":"product_tag-1615","9":"product_tag-1616","10":"product_tag-5961","11":"product_tag-1622","12":"product_tag-5952","13":"product_tag-1624","14":"product_tag-5953","15":"pa_komercni-kod-1-sw-01","16":"pa_komercni-kod-1-sw-01-symlock","17":"pa_komercni-kod-1-sw-03","18":"pa_komercni-kod-1-sw-03-symlock","19":"pa_komercni-kod-1-sw-08","20":"pa_komercni-kod-1-sw-08-symlock","21":"pa_komercni-kod-1-sw-10","22":"pa_komercni-kod-1-sw-21-25","23":"pa_komercni-kod-1-sw-40","24":"pa_trida-1301","25":"pa_vyrobek-lehnhoff","27":"first","28":"instock","29":"purchasable","30":"product-type-variable"},"acf":[],"_links":{"self":[{"href":"https:\/\/triga2026.semtix.eu\/de\/wp-json\/wp\/v2\/product\/14238","targetHints":{"allow":["GET"]}}],"collection":[{"href":"https:\/\/triga2026.semtix.eu\/de\/wp-json\/wp\/v2\/product"}],"about":[{"href":"https:\/\/triga2026.semtix.eu\/de\/wp-json\/wp\/v2\/types\/product"}],"replies":[{"embeddable":true,"href":"https:\/\/triga2026.semtix.eu\/de\/wp-json\/wp\/v2\/comments?post=14238"}],"wp:attachment":[{"href":"https:\/\/triga2026.semtix.eu\/de\/wp-json\/wp\/v2\/media?parent=14238"}],"wp:term":[{"taxonomy":"product_brand","embeddable":true,"href":"https:\/\/triga2026.semtix.eu\/de\/wp-json\/wp\/v2\/product_brand?post=14238"},{"taxonomy":"product_cat","embeddable":true,"href":"https:\/\/triga2026.semtix.eu\/de\/wp-json\/wp\/v2\/product_cat?post=14238"},{"taxonomy":"product_tag","embeddable":true,"href":"https:\/\/triga2026.semtix.eu\/de\/wp-json\/wp\/v2\/product_tag?post=14238"}],"curies":[{"name":"wp","href":"https:\/\/api.w.org\/{rel}","templated":true}]}}