{"id":14134,"date":"2026-05-15T10:31:53","date_gmt":"2026-05-15T08:31:53","guid":{"rendered":"https:\/\/triga2026.semtix.eu\/produkt\/dvojity-rozryvaci-hak-sd\/"},"modified":"2026-05-15T10:32:34","modified_gmt":"2026-05-15T08:32:34","slug":"dvojity-rozryvaci-hak-sd","status":"publish","type":"product","link":"https:\/\/triga2026.semtix.eu\/de\/produkt\/dvojity-rozryvaci-hak-sd\/","title":{"rendered":"Dvojit\u00fd rozr\u00fdvac\u00ed h\u00e1k SD"},"content":{"rendered":"","protected":false},"excerpt":{"rendered":"","protected":false},"featured_media":12894,"comment_status":"closed","ping_status":"open","template":"","meta":{"_acf_changed":false},"product_brand":[],"product_cat":[443],"product_tag":[1610,9731,1611,1612,1617,1613],"class_list":{"0":"post-14134","1":"product","2":"type-product","3":"status-publish","4":"has-post-thumbnail","6":"product_cat-rypadla-stredni","7":"product_tag-1610","8":"product_tag-9731","9":"product_tag-1611","10":"product_tag-1612","11":"product_tag-1617","12":"product_tag-1613","13":"pa_druhy-prace--tezba--stavebnictvi-a-uprava-terenu","14":"pa_komercni-kod-1-y2-sd-5","15":"pa_komercni-kod-1-y2-sd-6","16":"pa_komercni-kod-1-y2-sd-7","17":"pa_komercni-kod-1-y2-sd-8","18":"pa_komercni-kod-1-y2-sd-9","19":"pa_podminky-prace-sd","20":"pa_trida-438","21":"pa_trida-600","22":"pa_trida-726","23":"pa_trida-846","24":"pa_trida-978","25":"pa_vyrobek-y2","27":"first","28":"instock","29":"purchasable","30":"product-type-simple"},"acf":[],"_links":{"self":[{"href":"https:\/\/triga2026.semtix.eu\/de\/wp-json\/wp\/v2\/product\/14134","targetHints":{"allow":["GET"]}}],"collection":[{"href":"https:\/\/triga2026.semtix.eu\/de\/wp-json\/wp\/v2\/product"}],"about":[{"href":"https:\/\/triga2026.semtix.eu\/de\/wp-json\/wp\/v2\/types\/product"}],"replies":[{"embeddable":true,"href":"https:\/\/triga2026.semtix.eu\/de\/wp-json\/wp\/v2\/comments?post=14134"}],"wp:featuredmedia":[{"embeddable":true,"href":"https:\/\/triga2026.semtix.eu\/de\/wp-json\/wp\/v2\/media\/12894"}],"wp:attachment":[{"href":"https:\/\/triga2026.semtix.eu\/de\/wp-json\/wp\/v2\/media?parent=14134"}],"wp:term":[{"taxonomy":"product_brand","embeddable":true,"href":"https:\/\/triga2026.semtix.eu\/de\/wp-json\/wp\/v2\/product_brand?post=14134"},{"taxonomy":"product_cat","embeddable":true,"href":"https:\/\/triga2026.semtix.eu\/de\/wp-json\/wp\/v2\/product_cat?post=14134"},{"taxonomy":"product_tag","embeddable":true,"href":"https:\/\/triga2026.semtix.eu\/de\/wp-json\/wp\/v2\/product_tag?post=14134"}],"curies":[{"name":"wp","href":"https:\/\/api.w.org\/{rel}","templated":true}]}}