{"id":14069,"date":"2026-05-15T10:31:26","date_gmt":"2026-05-15T08:31:26","guid":{"rendered":"https:\/\/triga2026.semtix.eu\/produkt\/naklapeci-svahovaci-lopata-s-motorem-gd-2\/"},"modified":"2026-05-15T10:31:37","modified_gmt":"2026-05-15T08:31:37","slug":"naklapeci-svahovaci-lopata-s-motorem-gd-2","status":"publish","type":"product","link":"https:\/\/triga2026.semtix.eu\/de\/produkt\/naklapeci-svahovaci-lopata-s-motorem-gd-2\/","title":{"rendered":"Nakl\u00e1p\u011bc\u00ed svahovac\u00ed lopata s motorem GD"},"content":{"rendered":"","protected":false},"excerpt":{"rendered":"","protected":false},"featured_media":12870,"comment_status":"closed","ping_status":"open","template":"","meta":{"_acf_changed":false},"product_brand":[],"product_cat":[1132],"product_tag":[1614,1620,1615,1616,1621,1622,1623,1624,1625],"class_list":{"0":"post-14069","1":"product","2":"type-product","3":"status-publish","4":"has-post-thumbnail","6":"product_cat-rypadla-velka","7":"product_tag-1614","8":"product_tag-1620","9":"product_tag-1615","10":"product_tag-1616","11":"product_tag-1621","12":"product_tag-1622","13":"product_tag-1623","14":"product_tag-1624","15":"product_tag-1625","16":"pa_druhy-prace-28","17":"pa_komercni-kod-wr-gd-10-2000","18":"pa_komercni-kod-wr-gd-10-2200","19":"pa_komercni-kod-wr-gd-10-2400","20":"pa_komercni-kod-1-wr-gd-10","21":"pa_naklopeni-2x50","22":"pa_objem-m3-1-26","23":"pa_objem-m3-1-38","24":"pa_objem-m3-1-51","25":"pa_podminky-prace-gd","26":"pa_sirka-mm-708","27":"pa_sirka-mm-1108","28":"pa_sirka-mm-1111","29":"pa_trida-1127","30":"pa_vyrobek-wr","32":"first","33":"instock","34":"purchasable","35":"product-type-variable"},"acf":[],"_links":{"self":[{"href":"https:\/\/triga2026.semtix.eu\/de\/wp-json\/wp\/v2\/product\/14069","targetHints":{"allow":["GET"]}}],"collection":[{"href":"https:\/\/triga2026.semtix.eu\/de\/wp-json\/wp\/v2\/product"}],"about":[{"href":"https:\/\/triga2026.semtix.eu\/de\/wp-json\/wp\/v2\/types\/product"}],"replies":[{"embeddable":true,"href":"https:\/\/triga2026.semtix.eu\/de\/wp-json\/wp\/v2\/comments?post=14069"}],"wp:featuredmedia":[{"embeddable":true,"href":"https:\/\/triga2026.semtix.eu\/de\/wp-json\/wp\/v2\/media\/12870"}],"wp:attachment":[{"href":"https:\/\/triga2026.semtix.eu\/de\/wp-json\/wp\/v2\/media?parent=14069"}],"wp:term":[{"taxonomy":"product_brand","embeddable":true,"href":"https:\/\/triga2026.semtix.eu\/de\/wp-json\/wp\/v2\/product_brand?post=14069"},{"taxonomy":"product_cat","embeddable":true,"href":"https:\/\/triga2026.semtix.eu\/de\/wp-json\/wp\/v2\/product_cat?post=14069"},{"taxonomy":"product_tag","embeddable":true,"href":"https:\/\/triga2026.semtix.eu\/de\/wp-json\/wp\/v2\/product_tag?post=14069"}],"curies":[{"name":"wp","href":"https:\/\/api.w.org\/{rel}","templated":true}]}}