{"id":14059,"date":"2026-05-15T10:31:10","date_gmt":"2026-05-15T08:31:10","guid":{"rendered":"https:\/\/triga2026.semtix.eu\/produkt\/naklapeci-svahovaci-lopata-hd-3\/"},"modified":"2026-05-15T10:31:37","modified_gmt":"2026-05-15T08:31:37","slug":"naklapeci-svahovaci-lopata-hd-3","status":"publish","type":"product","link":"https:\/\/triga2026.semtix.eu\/de\/produkt\/naklapeci-svahovaci-lopata-hd-3\/","title":{"rendered":"Nakl\u00e1p\u011bc\u00ed svahovac\u00ed lopata HD"},"content":{"rendered":"","protected":false},"excerpt":{"rendered":"","protected":false},"featured_media":12869,"comment_status":"closed","ping_status":"open","template":"","meta":{"_acf_changed":false},"product_brand":[],"product_cat":[1132],"product_tag":[1614,5959,1615,1616,5961,1622,5952,1624,5953],"class_list":{"0":"post-14059","1":"product","2":"type-product","3":"status-publish","4":"has-post-thumbnail","6":"product_cat-rypadla-velka","7":"product_tag-1614","8":"product_tag-5959","9":"product_tag-1615","10":"product_tag-1616","11":"product_tag-5961","12":"product_tag-1622","13":"product_tag-5952","14":"product_tag-1624","15":"product_tag-5953","16":"pa_druhy-prace-28","17":"pa_komercni-kod-w-hd-10-2000","19":"pa_komercni-kod-w-hd-10-2200","20":"pa_komercni-kod-w-hd-10-2400","21":"pa_komercni-kod-w-hd-11-2000","22":"pa_komercni-kod-w-hd-11-2200","23":"pa_komercni-kod-w-hd-11-2400","24":"pa_komercni-kod-w-hd-12-2000","25":"pa_komercni-kod-w-hd-12-2200","26":"pa_komercni-kod-w-hd-12-2400","27":"pa_komercni-kod-1-w-hd-10","28":"pa_komercni-kod-1-w-hd-12","30":"pa_komercni-kod-1-w-hd-11","31":"pa_naklopeni-2x45","32":"pa_objem-m3-1-26","33":"pa_objem-m3-1-38","34":"pa_objem-m3-1-49","35":"pa_objem-m3-1-51","36":"pa_objem-m3-1-65","37":"pa_objem-m3-1-78","38":"pa_objem-m3-1-82","39":"pa_objem-m3-1-96","40":"pa_objem-m3-2-05","41":"pa_podminky-prace-hd","42":"pa_sirka-mm-708","43":"pa_sirka-mm-1108","44":"pa_sirka-mm-1111","45":"pa_trida-1127","46":"pa_trida-1301","47":"pa_trida-1390","48":"pa_vyrobek-w","50":"first","51":"instock","52":"purchasable","53":"product-type-variable"},"acf":[],"_links":{"self":[{"href":"https:\/\/triga2026.semtix.eu\/de\/wp-json\/wp\/v2\/product\/14059","targetHints":{"allow":["GET"]}}],"collection":[{"href":"https:\/\/triga2026.semtix.eu\/de\/wp-json\/wp\/v2\/product"}],"about":[{"href":"https:\/\/triga2026.semtix.eu\/de\/wp-json\/wp\/v2\/types\/product"}],"replies":[{"embeddable":true,"href":"https:\/\/triga2026.semtix.eu\/de\/wp-json\/wp\/v2\/comments?post=14059"}],"wp:featuredmedia":[{"embeddable":true,"href":"https:\/\/triga2026.semtix.eu\/de\/wp-json\/wp\/v2\/media\/12869"}],"wp:attachment":[{"href":"https:\/\/triga2026.semtix.eu\/de\/wp-json\/wp\/v2\/media?parent=14059"}],"wp:term":[{"taxonomy":"product_brand","embeddable":true,"href":"https:\/\/triga2026.semtix.eu\/de\/wp-json\/wp\/v2\/product_brand?post=14059"},{"taxonomy":"product_cat","embeddable":true,"href":"https:\/\/triga2026.semtix.eu\/de\/wp-json\/wp\/v2\/product_cat?post=14059"},{"taxonomy":"product_tag","embeddable":true,"href":"https:\/\/triga2026.semtix.eu\/de\/wp-json\/wp\/v2\/product_tag?post=14059"}],"curies":[{"name":"wp","href":"https:\/\/api.w.org\/{rel}","templated":true}]}}