{"id":13984,"date":"2026-05-15T10:30:35","date_gmt":"2026-05-15T08:30:35","guid":{"rendered":"https:\/\/triga2026.semtix.eu\/produkt\/drenazni-lopata-hd-3\/"},"modified":"2026-05-15T10:30:55","modified_gmt":"2026-05-15T08:30:55","slug":"drenazni-lopata-hd-3","status":"publish","type":"product","link":"https:\/\/triga2026.semtix.eu\/de\/produkt\/drenazni-lopata-hd-3\/","title":{"rendered":"Dren\u00e1\u017en\u00ed lopata HD"},"content":{"rendered":"","protected":false},"excerpt":{"rendered":"","protected":false},"featured_media":12850,"comment_status":"closed","ping_status":"open","template":"","meta":{"_acf_changed":false},"product_brand":[],"product_cat":[1132],"product_tag":[1614,1620,1615,1616,1621,1622,1623,1624,1625],"class_list":{"0":"post-13984","1":"product","2":"type-product","3":"status-publish","4":"has-post-thumbnail","6":"product_cat-rypadla-velka","7":"product_tag-1614","8":"product_tag-1620","9":"product_tag-1615","10":"product_tag-1616","11":"product_tag-1621","12":"product_tag-1622","13":"product_tag-1623","14":"product_tag-1624","15":"product_tag-1625","16":"pa_druhy-prace--tezba--stavebnictvi-a-uprava-terenu","17":"pa_komercni-kod-d-hd-10-1000","18":"pa_komercni-kod-d-hd-10-1200","19":"pa_komercni-kod-d-hd-10-1400","20":"pa_komercni-kod-d-hd-10-1500","21":"pa_komercni-kod-d-hd-10-600","22":"pa_komercni-kod-d-hd-10-800","23":"pa_komercni-kod-d-hd-11-1000","24":"pa_komercni-kod-d-hd-11-1200","25":"pa_komercni-kod-d-hd-11-1500","26":"pa_komercni-kod-d-hd-11-1600","27":"pa_komercni-kod-d-hd-11-850","28":"pa_komercni-kod-d-hd-12-1300","29":"pa_komercni-kod-d-hd-12-1550","30":"pa_komercni-kod-d-hd-12-1650","31":"pa_komercni-kod-d-hd-12-1750","32":"pa_komercni-kod-d-hd-12-1850","33":"pa_komercni-kod-1-d-hd-10","34":"pa_komercni-kod-1-d-hd-11","35":"pa_komercni-kod-1-d-hd-12","36":"pa_objem-m3-0-47","37":"pa_objem-m3-0-69","38":"pa_objem-m3-0-91","39":"pa_objem-m3-0-93","40":"pa_objem-m3-1-14","41":"pa_objem-m3-1-15","42":"pa_objem-m3-1-37","43":"pa_objem-m3-1-44","44":"pa_objem-m3-1-49","45":"pa_objem-m3-1-88","46":"pa_objem-m3-1-9","47":"pa_objem-m3-2-05","48":"pa_objem-m3-2-33","49":"pa_objem-m3-2-51","50":"pa_objem-m3-2-69","51":"pa_objem-m3-2-88","52":"pa_podminky-prace-hd","53":"pa_sirka-mm-55","54":"pa_sirka-mm-127","55":"pa_sirka-mm-306","56":"pa_sirka-mm-308","57":"pa_sirka-mm-311","58":"pa_sirka-mm-1404","59":"pa_sirka-mm-546","60":"pa_sirka-mm-1407","61":"pa_sirka-mm-1410","62":"pa_sirka-mm-1413","63":"pa_sirka-mm-95","64":"pa_sirka-mm-52","65":"pa_sirka-mm-1312","66":"pa_trida-1127","67":"pa_trida-1301","68":"pa_trida-1390","69":"pa_vyrobek-d","71":"first","72":"instock","73":"purchasable","74":"product-type-variable"},"acf":[],"_links":{"self":[{"href":"https:\/\/triga2026.semtix.eu\/de\/wp-json\/wp\/v2\/product\/13984","targetHints":{"allow":["GET"]}}],"collection":[{"href":"https:\/\/triga2026.semtix.eu\/de\/wp-json\/wp\/v2\/product"}],"about":[{"href":"https:\/\/triga2026.semtix.eu\/de\/wp-json\/wp\/v2\/types\/product"}],"replies":[{"embeddable":true,"href":"https:\/\/triga2026.semtix.eu\/de\/wp-json\/wp\/v2\/comments?post=13984"}],"wp:featuredmedia":[{"embeddable":true,"href":"https:\/\/triga2026.semtix.eu\/de\/wp-json\/wp\/v2\/media\/12850"}],"wp:attachment":[{"href":"https:\/\/triga2026.semtix.eu\/de\/wp-json\/wp\/v2\/media?parent=13984"}],"wp:term":[{"taxonomy":"product_brand","embeddable":true,"href":"https:\/\/triga2026.semtix.eu\/de\/wp-json\/wp\/v2\/product_brand?post=13984"},{"taxonomy":"product_cat","embeddable":true,"href":"https:\/\/triga2026.semtix.eu\/de\/wp-json\/wp\/v2\/product_cat?post=13984"},{"taxonomy":"product_tag","embeddable":true,"href":"https:\/\/triga2026.semtix.eu\/de\/wp-json\/wp\/v2\/product_tag?post=13984"}],"curies":[{"name":"wp","href":"https:\/\/api.w.org\/{rel}","templated":true}]}}