{"id":13702,"date":"2026-05-15T10:27:41","date_gmt":"2026-05-15T08:27:41","guid":{"rendered":"https:\/\/triga2026.semtix.eu\/produkt\/naklapeci-rotacni-hlava-typu-verachtert-nrh-hnrh-2\/"},"modified":"2026-05-15T10:27:53","modified_gmt":"2026-05-15T08:27:53","slug":"naklapeci-rotacni-hlava-typu-verachtert-nrh-hnrh-2","status":"publish","type":"product","link":"https:\/\/triga2026.semtix.eu\/de\/produkt\/naklapeci-rotacni-hlava-typu-verachtert-nrh-hnrh-2\/","title":{"rendered":"Nakl\u00e1p\u011bc\u00ed rota\u010dn\u00ed hlava typu Verachtert NRH \/ HNRH"},"content":{"rendered":"","protected":false},"excerpt":{"rendered":"","protected":false},"featured_media":12817,"comment_status":"closed","ping_status":"open","template":"","meta":{"_acf_changed":false},"product_brand":[],"product_cat":[443],"product_tag":[1610,9731,1611,1612,1617,1613],"class_list":{"0":"post-13702","1":"product","2":"type-product","3":"status-publish","4":"has-post-thumbnail","6":"product_cat-rypadla-stredni","7":"product_tag-1610","8":"product_tag-9731","9":"product_tag-1611","10":"product_tag-1612","11":"product_tag-1617","12":"product_tag-1613","13":"pa_druhy-prace-28","14":"pa_komercni-kod-nrh5-cw10-2x55-360","15":"pa_komercni-kod-nrh6-cw10-2x55-360","16":"pa_komercni-kod-nrh7-cw20-2x55-360","17":"pa_komercni-kod-nrh7-cw20s-2x55-360","18":"pa_komercni-kod-nrh8-cw30-2x55-360","19":"pa_komercni-kod-nrh8-cw30s-2x55-360","20":"pa_komercni-kod-nrh9-cw30-2x55-360","21":"pa_komercni-kod-nrh9-cw30s-2x55-360","22":"pa_komercni-kod-1-nrh5-cw10","23":"pa_komercni-kod-1-nrh6-cw10","24":"pa_komercni-kod-1-nrh7-cw20","25":"pa_komercni-kod-1-nrh7-cw20s","26":"pa_komercni-kod-1-nrh8-cw30","27":"pa_komercni-kod-1-nrh8-cw30s","28":"pa_komercni-kod-1-nrh9-cw30","29":"pa_komercni-kod-1-nrh9-cw30s","30":"pa_komercni-kod-3-hnrh5-hcw10-2x55-360","31":"pa_komercni-kod-3-hnrh6-hcw10-2x55-360","32":"pa_komercni-kod-3-hnrh7-hcw20-2x55-360","33":"pa_komercni-kod-3-hnrh7-hcw20s-2x55-360","34":"pa_komercni-kod-3-hnrh8-hcw30-2x55-360","35":"pa_komercni-kod-3-hnrh8-hcw30s-2x55-360","36":"pa_komercni-kod-3-hnrh9-hcw30-2x55-360","37":"pa_komercni-kod-3-hnrh9-hcw30s-2x55-360","38":"pa_naklopeni-2x55","39":"pa_provedeni-rychloupinace-mechanicke-hydraulicke","40":"pa_rotace-173","41":"pa_trida-438","42":"pa_trida-600","43":"pa_trida-726","44":"pa_trida-846","45":"pa_trida-978","46":"pa_vyrobek-nrh-cw-hcw","48":"first","49":"instock","50":"purchasable","51":"product-type-variable"},"acf":[],"_links":{"self":[{"href":"https:\/\/triga2026.semtix.eu\/de\/wp-json\/wp\/v2\/product\/13702","targetHints":{"allow":["GET"]}}],"collection":[{"href":"https:\/\/triga2026.semtix.eu\/de\/wp-json\/wp\/v2\/product"}],"about":[{"href":"https:\/\/triga2026.semtix.eu\/de\/wp-json\/wp\/v2\/types\/product"}],"replies":[{"embeddable":true,"href":"https:\/\/triga2026.semtix.eu\/de\/wp-json\/wp\/v2\/comments?post=13702"}],"wp:featuredmedia":[{"embeddable":true,"href":"https:\/\/triga2026.semtix.eu\/de\/wp-json\/wp\/v2\/media\/12817"}],"wp:attachment":[{"href":"https:\/\/triga2026.semtix.eu\/de\/wp-json\/wp\/v2\/media?parent=13702"}],"wp:term":[{"taxonomy":"product_brand","embeddable":true,"href":"https:\/\/triga2026.semtix.eu\/de\/wp-json\/wp\/v2\/product_brand?post=13702"},{"taxonomy":"product_cat","embeddable":true,"href":"https:\/\/triga2026.semtix.eu\/de\/wp-json\/wp\/v2\/product_cat?post=13702"},{"taxonomy":"product_tag","embeddable":true,"href":"https:\/\/triga2026.semtix.eu\/de\/wp-json\/wp\/v2\/product_tag?post=13702"}],"curies":[{"name":"wp","href":"https:\/\/api.w.org\/{rel}","templated":true}]}}