{"id":13665,"date":"2026-05-15T10:27:12","date_gmt":"2026-05-15T08:27:12","guid":{"rendered":"https:\/\/triga2026.semtix.eu\/produkt\/naklapeci-hlava-typu-s-standard-nh-hnh-2\/"},"modified":"2026-05-15T10:27:23","modified_gmt":"2026-05-15T08:27:23","slug":"naklapeci-hlava-typu-s-standard-nh-hnh-2","status":"publish","type":"product","link":"https:\/\/triga2026.semtix.eu\/de\/produkt\/naklapeci-hlava-typu-s-standard-nh-hnh-2\/","title":{"rendered":"Nakl\u00e1p\u011bc\u00ed hlava typu S-standard NH\/HNH"},"content":{"rendered":"","protected":false},"excerpt":{"rendered":"","protected":false},"featured_media":12877,"comment_status":"closed","ping_status":"open","template":"","meta":{"_acf_changed":false},"product_brand":[],"product_cat":[443],"product_tag":[1610,9731,1611,1612,1617,1613],"class_list":{"0":"post-13665","1":"product","2":"type-product","3":"status-publish","4":"has-post-thumbnail","6":"product_cat-rypadla-stredni","7":"product_tag-1610","8":"product_tag-9731","9":"product_tag-1611","10":"product_tag-1612","11":"product_tag-1617","12":"product_tag-1613","13":"pa_druhy-prace-28","14":"pa_komercni-kod-nh5-s45-2x70-90","15":"pa_komercni-kod-nh5-s50-2x70-90","16":"pa_komercni-kod-nh6-s60-2x70-90","17":"pa_komercni-kod-nh7-s60-2x70-90","18":"pa_komercni-kod-nh8-s60-2x70-90","19":"pa_komercni-kod-nh8-s70-2x70-90","20":"pa_komercni-kod-nh9-s70-2x70-90","21":"pa_komercni-kod-1-nh5-s45","22":"pa_komercni-kod-1-nh5-s50","23":"pa_komercni-kod-1-nh6-s60","24":"pa_komercni-kod-1-nh7-s60","25":"pa_komercni-kod-1-nh8-s60","26":"pa_komercni-kod-1-nh8-s70","27":"pa_komercni-kod-1-nh9-s70","28":"pa_komercni-kod-3-hnh5-s45-2x70-90","29":"pa_komercni-kod-3-hnh5-s50-2x70-90","30":"pa_komercni-kod-3-hnh6-s60-2x70-90","31":"pa_komercni-kod-3-hnh7-s60-2x70-90","32":"pa_komercni-kod-3-hnh8-s60-2x70-90","33":"pa_komercni-kod-3-hnh8-s70-2x70-90","34":"pa_komercni-kod-3-hnh9-s70-2x70-90","35":"pa_naklopeni-2x70-90","36":"pa_provedeni-rychloupinace-mechanicke-hydraulicke","37":"pa_trida-438","38":"pa_trida-600","39":"pa_trida-726","40":"pa_trida-846","41":"pa_trida-978","42":"pa_vyrobek-nh-s","44":"first","45":"instock","46":"purchasable","47":"product-type-variable"},"acf":[],"_links":{"self":[{"href":"https:\/\/triga2026.semtix.eu\/de\/wp-json\/wp\/v2\/product\/13665","targetHints":{"allow":["GET"]}}],"collection":[{"href":"https:\/\/triga2026.semtix.eu\/de\/wp-json\/wp\/v2\/product"}],"about":[{"href":"https:\/\/triga2026.semtix.eu\/de\/wp-json\/wp\/v2\/types\/product"}],"replies":[{"embeddable":true,"href":"https:\/\/triga2026.semtix.eu\/de\/wp-json\/wp\/v2\/comments?post=13665"}],"wp:featuredmedia":[{"embeddable":true,"href":"https:\/\/triga2026.semtix.eu\/de\/wp-json\/wp\/v2\/media\/12877"}],"wp:attachment":[{"href":"https:\/\/triga2026.semtix.eu\/de\/wp-json\/wp\/v2\/media?parent=13665"}],"wp:term":[{"taxonomy":"product_brand","embeddable":true,"href":"https:\/\/triga2026.semtix.eu\/de\/wp-json\/wp\/v2\/product_brand?post=13665"},{"taxonomy":"product_cat","embeddable":true,"href":"https:\/\/triga2026.semtix.eu\/de\/wp-json\/wp\/v2\/product_cat?post=13665"},{"taxonomy":"product_tag","embeddable":true,"href":"https:\/\/triga2026.semtix.eu\/de\/wp-json\/wp\/v2\/product_tag?post=13665"}],"curies":[{"name":"wp","href":"https:\/\/api.w.org\/{rel}","templated":true}]}}