{"id":13650,"date":"2026-05-15T10:27:00","date_gmt":"2026-05-15T08:27:00","guid":{"rendered":"https:\/\/triga2026.semtix.eu\/produkt\/naklapeci-hlava-typu-lehnhoff-nh-hnh-2\/"},"modified":"2026-05-15T10:27:23","modified_gmt":"2026-05-15T08:27:23","slug":"naklapeci-hlava-typu-lehnhoff-nh-hnh-2","status":"publish","type":"product","link":"https:\/\/triga2026.semtix.eu\/de\/produkt\/naklapeci-hlava-typu-lehnhoff-nh-hnh-2\/","title":{"rendered":"Nakl\u00e1p\u011bc\u00ed hlava typu Lehnhoff NH\/HNH"},"content":{"rendered":"","protected":false},"excerpt":{"rendered":"","protected":false},"featured_media":12876,"comment_status":"closed","ping_status":"open","template":"","meta":{"_acf_changed":false},"product_brand":[],"product_cat":[443],"product_tag":[1610,9731,1611,1612,1617,1613],"class_list":{"0":"post-13650","1":"product","2":"type-product","3":"status-publish","4":"has-post-thumbnail","6":"product_cat-rypadla-stredni","7":"product_tag-1610","8":"product_tag-9731","9":"product_tag-1611","10":"product_tag-1612","11":"product_tag-1617","12":"product_tag-1613","13":"pa_druhy-prace-28","14":"pa_komercni-kod-nh5-ms08-2x50-70-90","15":"pa_komercni-kod-nh6-ms08-2x50-70-90","16":"pa_komercni-kod-nh7-ms10-2x50-70-90","17":"pa_komercni-kod-nh8-ms10-2x50-70-90","18":"pa_komercni-kod-nh9-ms21-2x50-70-90","19":"pa_komercni-kod-1-nh5-ms08","20":"pa_komercni-kod-1-nh6-ms08","21":"pa_komercni-kod-1-nh7-ms10","22":"pa_komercni-kod-1-nh8-ms10","23":"pa_komercni-kod-1-nh9-ms21","24":"pa_komercni-kod-3-hnh5-hs08-2x50-70-90","25":"pa_komercni-kod-3-hnh6-hs08-2x50-70-90","26":"pa_komercni-kod-3-hnh7-hs10-2x50-70-90","27":"pa_komercni-kod-3-hnh8-hs10-2x50-70-90","28":"pa_komercni-kod-3-hnh9-hs21-2x50-70-90","29":"pa_naklopeni-2x50-70-90","30":"pa_provedeni-rychloupinace-mechanicke-hydraulicke","31":"pa_trida-438","32":"pa_trida-600","33":"pa_trida-726","34":"pa_trida-846","35":"pa_trida-978","36":"pa_vyrobek-nh-ms-hs","38":"first","39":"instock","40":"purchasable","41":"product-type-variable"},"acf":[],"_links":{"self":[{"href":"https:\/\/triga2026.semtix.eu\/de\/wp-json\/wp\/v2\/product\/13650","targetHints":{"allow":["GET"]}}],"collection":[{"href":"https:\/\/triga2026.semtix.eu\/de\/wp-json\/wp\/v2\/product"}],"about":[{"href":"https:\/\/triga2026.semtix.eu\/de\/wp-json\/wp\/v2\/types\/product"}],"replies":[{"embeddable":true,"href":"https:\/\/triga2026.semtix.eu\/de\/wp-json\/wp\/v2\/comments?post=13650"}],"wp:featuredmedia":[{"embeddable":true,"href":"https:\/\/triga2026.semtix.eu\/de\/wp-json\/wp\/v2\/media\/12876"}],"wp:attachment":[{"href":"https:\/\/triga2026.semtix.eu\/de\/wp-json\/wp\/v2\/media?parent=13650"}],"wp:term":[{"taxonomy":"product_brand","embeddable":true,"href":"https:\/\/triga2026.semtix.eu\/de\/wp-json\/wp\/v2\/product_brand?post=13650"},{"taxonomy":"product_cat","embeddable":true,"href":"https:\/\/triga2026.semtix.eu\/de\/wp-json\/wp\/v2\/product_cat?post=13650"},{"taxonomy":"product_tag","embeddable":true,"href":"https:\/\/triga2026.semtix.eu\/de\/wp-json\/wp\/v2\/product_tag?post=13650"}],"curies":[{"name":"wp","href":"https:\/\/api.w.org\/{rel}","templated":true}]}}