{"id":13607,"date":"2026-05-15T10:26:36","date_gmt":"2026-05-15T08:26:36","guid":{"rendered":"https:\/\/triga2026.semtix.eu\/produkt\/rychloupinac-cepovy-qc-hqc-2\/"},"modified":"2026-05-15T10:26:56","modified_gmt":"2026-05-15T08:26:56","slug":"rychloupinac-cepovy-qc-hqc-2","status":"publish","type":"product","link":"https:\/\/triga2026.semtix.eu\/de\/produkt\/rychloupinac-cepovy-qc-hqc-2\/","title":{"rendered":"Rychloup\u00edna\u010d \u010depov\u00fd QC \/ HQC"},"content":{"rendered":"","protected":false},"excerpt":{"rendered":"","protected":false},"featured_media":12882,"comment_status":"closed","ping_status":"open","template":"","meta":{"_acf_changed":false},"product_brand":[],"product_cat":[443],"product_tag":[1610,9731,1611,1612,1617,1613],"class_list":{"0":"post-13607","1":"product","2":"type-product","3":"status-publish","4":"has-post-thumbnail","6":"product_cat-rypadla-stredni","7":"product_tag-1610","8":"product_tag-9731","9":"product_tag-1611","10":"product_tag-1612","11":"product_tag-1617","12":"product_tag-1613","13":"pa_druhy-prace-28","14":"pa_komercni-kod-qc-pin-on-5-50","15":"pa_komercni-kod-qc-pin-on-5-55","16":"pa_komercni-kod-qc-pin-on-6-50","17":"pa_komercni-kod-qc-pin-on-6-55","18":"pa_komercni-kod-qc-pin-on-6-60","19":"pa_komercni-kod-qc-pin-on-7-60","20":"pa_komercni-kod-qc-pin-on-7-65","21":"pa_komercni-kod-qc-pin-on-7-70","22":"pa_komercni-kod-qc-pin-on-8-60","23":"pa_komercni-kod-qc-pin-on-8-70","24":"pa_komercni-kod-qc-pin-on-8-80","25":"pa_komercni-kod-qc-pin-on-9-70","26":"pa_komercni-kod-qc-pin-on-9-80","27":"pa_komercni-kod-1-qc-pin-on-5","28":"pa_komercni-kod-1-qc-pin-on-6","29":"pa_komercni-kod-1-qc-pin-on-7","30":"pa_komercni-kod-1-qc-pin-on-8","31":"pa_komercni-kod-1-qc-pin-on-9","32":"pa_komercni-kod-3-hqc-pin-on-5-50","33":"pa_komercni-kod-3-hqc-pin-on-5-55","34":"pa_komercni-kod-3-hqc-pin-on-6-50","35":"pa_komercni-kod-3-hqc-pin-on-6-55","36":"pa_komercni-kod-3-hqc-pin-on-6-60","37":"pa_komercni-kod-3-hqc-pin-on-7-60","38":"pa_komercni-kod-3-hqc-pin-on-7-65","39":"pa_komercni-kod-3-hqc-pin-on-7-70","40":"pa_komercni-kod-3-hqc-pin-on-8-60","41":"pa_komercni-kod-3-hqc-pin-on-8-70","42":"pa_komercni-kod-3-hqc-pin-on-8-80","43":"pa_komercni-kod-3-hqc-pin-on-9-80","44":"pa_komercni-kod-3-hqc-pin-on-9-70","45":"pa_provedeni-rychloupinace-mechanicke-hydraulicke","46":"pa_trida-438","47":"pa_trida-600","48":"pa_trida-726","49":"pa_trida-846","50":"pa_trida-978","51":"pa_vyrobek-qc-pin-on","53":"first","54":"instock","55":"purchasable","56":"product-type-variable"},"acf":[],"_links":{"self":[{"href":"https:\/\/triga2026.semtix.eu\/de\/wp-json\/wp\/v2\/product\/13607","targetHints":{"allow":["GET"]}}],"collection":[{"href":"https:\/\/triga2026.semtix.eu\/de\/wp-json\/wp\/v2\/product"}],"about":[{"href":"https:\/\/triga2026.semtix.eu\/de\/wp-json\/wp\/v2\/types\/product"}],"replies":[{"embeddable":true,"href":"https:\/\/triga2026.semtix.eu\/de\/wp-json\/wp\/v2\/comments?post=13607"}],"wp:featuredmedia":[{"embeddable":true,"href":"https:\/\/triga2026.semtix.eu\/de\/wp-json\/wp\/v2\/media\/12882"}],"wp:attachment":[{"href":"https:\/\/triga2026.semtix.eu\/de\/wp-json\/wp\/v2\/media?parent=13607"}],"wp:term":[{"taxonomy":"product_brand","embeddable":true,"href":"https:\/\/triga2026.semtix.eu\/de\/wp-json\/wp\/v2\/product_brand?post=13607"},{"taxonomy":"product_cat","embeddable":true,"href":"https:\/\/triga2026.semtix.eu\/de\/wp-json\/wp\/v2\/product_cat?post=13607"},{"taxonomy":"product_tag","embeddable":true,"href":"https:\/\/triga2026.semtix.eu\/de\/wp-json\/wp\/v2\/product_tag?post=13607"}],"curies":[{"name":"wp","href":"https:\/\/api.w.org\/{rel}","templated":true}]}}