{"id":13178,"date":"2026-05-15T10:22:19","date_gmt":"2026-05-15T08:22:19","guid":{"rendered":"https:\/\/triga2026.semtix.eu\/produkt\/naklapeci-rotacni-hlava-typu-verachtert-nrh-hnrh\/"},"modified":"2026-05-15T10:22:28","modified_gmt":"2026-05-15T08:22:28","slug":"naklapeci-rotacni-hlava-typu-verachtert-nrh-hnrh","status":"publish","type":"product","link":"https:\/\/triga2026.semtix.eu\/de\/produkt\/naklapeci-rotacni-hlava-typu-verachtert-nrh-hnrh\/","title":{"rendered":"Nakl\u00e1p\u011bc\u00ed rota\u010dn\u00ed hlava typu Verachtert NRH \/ HNRH"},"content":{"rendered":"","protected":false},"excerpt":{"rendered":"","protected":false},"featured_media":12817,"comment_status":"closed","ping_status":"open","template":"","meta":{"_acf_changed":false},"product_brand":[],"product_cat":[31],"product_tag":[5957,1606,1607,1608,1609],"class_list":{"0":"post-13178","1":"product","2":"type-product","3":"status-publish","4":"has-post-thumbnail","6":"product_cat-rypadla-mala","7":"product_tag-1606","8":"product_tag-1607","9":"product_tag-1608","10":"product_tag-1609","11":"pa_druhy-prace-28","12":"pa_komercni-kod-nrh2-cw05-2x55-360","13":"pa_komercni-kod-nrh3-cw05-2x55-360","14":"pa_komercni-kod-nrh4-cw10-2x55-360","15":"pa_komercni-kod-1-nrh2-cw05","16":"pa_komercni-kod-1-nrh3-cw05","17":"pa_komercni-kod-1-nrh4-cw10","18":"pa_komercni-kod-3-hnrh2-hcw05-2x55-360","19":"pa_komercni-kod-3-hnrh3-hcw05-2x55-360","20":"pa_komercni-kod-3-hnrh4-hcw10-2x55-360","21":"pa_naklopeni-2x55","22":"pa_provedeni-rychloupinace-mechanicke-hydraulicke","23":"pa_rotace-173","24":"pa_trida-151","25":"pa_trida-226","26":"pa_trida-349","27":"pa_vyrobek-nrh-cw-hcw","29":"first","30":"instock","31":"purchasable","32":"product-type-variable"},"acf":[],"_links":{"self":[{"href":"https:\/\/triga2026.semtix.eu\/de\/wp-json\/wp\/v2\/product\/13178","targetHints":{"allow":["GET"]}}],"collection":[{"href":"https:\/\/triga2026.semtix.eu\/de\/wp-json\/wp\/v2\/product"}],"about":[{"href":"https:\/\/triga2026.semtix.eu\/de\/wp-json\/wp\/v2\/types\/product"}],"replies":[{"embeddable":true,"href":"https:\/\/triga2026.semtix.eu\/de\/wp-json\/wp\/v2\/comments?post=13178"}],"wp:featuredmedia":[{"embeddable":true,"href":"https:\/\/triga2026.semtix.eu\/de\/wp-json\/wp\/v2\/media\/12817"}],"wp:attachment":[{"href":"https:\/\/triga2026.semtix.eu\/de\/wp-json\/wp\/v2\/media?parent=13178"}],"wp:term":[{"taxonomy":"product_brand","embeddable":true,"href":"https:\/\/triga2026.semtix.eu\/de\/wp-json\/wp\/v2\/product_brand?post=13178"},{"taxonomy":"product_cat","embeddable":true,"href":"https:\/\/triga2026.semtix.eu\/de\/wp-json\/wp\/v2\/product_cat?post=13178"},{"taxonomy":"product_tag","embeddable":true,"href":"https:\/\/triga2026.semtix.eu\/de\/wp-json\/wp\/v2\/product_tag?post=13178"}],"curies":[{"name":"wp","href":"https:\/\/api.w.org\/{rel}","templated":true}]}}