{"id":13154,"date":"2026-05-15T10:22:08","date_gmt":"2026-05-15T08:22:08","guid":{"rendered":"https:\/\/triga2026.semtix.eu\/produkt\/naklapeci-hlava-typu-s-standard-nh-hnh\/"},"modified":"2026-05-15T10:22:16","modified_gmt":"2026-05-15T08:22:16","slug":"naklapeci-hlava-typu-s-standard-nh-hnh","status":"publish","type":"product","link":"https:\/\/triga2026.semtix.eu\/de\/produkt\/naklapeci-hlava-typu-s-standard-nh-hnh\/","title":{"rendered":"Nakl\u00e1p\u011bc\u00ed hlava typu S-standard NH\/HNH"},"content":{"rendered":"","protected":false},"excerpt":{"rendered":"","protected":false},"featured_media":12913,"comment_status":"closed","ping_status":"open","template":"","meta":{"_acf_changed":false},"product_brand":[],"product_cat":[31],"product_tag":[5957,1606,1607,1608,1609],"class_list":{"0":"post-13154","1":"product","2":"type-product","3":"status-publish","4":"has-post-thumbnail","6":"product_cat-rypadla-mala","7":"product_tag-1606","8":"product_tag-1607","9":"product_tag-1608","10":"product_tag-1609","11":"pa_druhy-prace-28","12":"pa_komercni-kod-nh-s30-150-2x90","13":"pa_komercni-kod-nh-s30-180-2x90","14":"pa_komercni-kod-nh-s40-2x90","15":"pa_komercni-kod-1-nh-s30-150","16":"pa_komercni-kod-1-nh-s30-180","17":"pa_komercni-kod-1-nh-s40","18":"pa_komercni-kod-3-hnh-s30-150-2x90","19":"pa_komercni-kod-3-hnh-s30-180-2x90","20":"pa_komercni-kod-3-hnh-s40-2x90","21":"pa_naklopeni-2x90","22":"pa_provedeni-rychloupinace-mechanicke-hydraulicke","23":"pa_trida-66","24":"pa_trida-151","25":"pa_trida-226","26":"pa_trida-349","27":"pa_vyrobek-nh-s","29":"first","30":"instock","31":"purchasable","32":"product-type-variable"},"acf":[],"_links":{"self":[{"href":"https:\/\/triga2026.semtix.eu\/de\/wp-json\/wp\/v2\/product\/13154","targetHints":{"allow":["GET"]}}],"collection":[{"href":"https:\/\/triga2026.semtix.eu\/de\/wp-json\/wp\/v2\/product"}],"about":[{"href":"https:\/\/triga2026.semtix.eu\/de\/wp-json\/wp\/v2\/types\/product"}],"replies":[{"embeddable":true,"href":"https:\/\/triga2026.semtix.eu\/de\/wp-json\/wp\/v2\/comments?post=13154"}],"wp:featuredmedia":[{"embeddable":true,"href":"https:\/\/triga2026.semtix.eu\/de\/wp-json\/wp\/v2\/media\/12913"}],"wp:attachment":[{"href":"https:\/\/triga2026.semtix.eu\/de\/wp-json\/wp\/v2\/media?parent=13154"}],"wp:term":[{"taxonomy":"product_brand","embeddable":true,"href":"https:\/\/triga2026.semtix.eu\/de\/wp-json\/wp\/v2\/product_brand?post=13154"},{"taxonomy":"product_cat","embeddable":true,"href":"https:\/\/triga2026.semtix.eu\/de\/wp-json\/wp\/v2\/product_cat?post=13154"},{"taxonomy":"product_tag","embeddable":true,"href":"https:\/\/triga2026.semtix.eu\/de\/wp-json\/wp\/v2\/product_tag?post=13154"}],"curies":[{"name":"wp","href":"https:\/\/api.w.org\/{rel}","templated":true}]}}