{"id":13143,"date":"2026-05-15T10:22:08","date_gmt":"2026-05-15T08:22:08","guid":{"rendered":"https:\/\/triga2026.semtix.eu\/produkt\/naklapeci-hlava-typu-lehnhoff-nh-hnh\/"},"modified":"2026-05-15T10:22:16","modified_gmt":"2026-05-15T08:22:16","slug":"naklapeci-hlava-typu-lehnhoff-nh-hnh","status":"publish","type":"product","link":"https:\/\/triga2026.semtix.eu\/de\/produkt\/naklapeci-hlava-typu-lehnhoff-nh-hnh\/","title":{"rendered":"Nakl\u00e1p\u011bc\u00ed hlava typu Lehnhoff NH\/HNH"},"content":{"rendered":"","protected":false},"excerpt":{"rendered":"","protected":false},"featured_media":12914,"comment_status":"closed","ping_status":"open","template":"","meta":{"_acf_changed":false},"product_brand":[],"product_cat":[31],"product_tag":[1618,1606,1607,1608,1609],"class_list":{"0":"post-13143","1":"product","2":"type-product","3":"status-publish","4":"has-post-thumbnail","6":"product_cat-rypadla-mala","7":"product_tag-1606","8":"product_tag-1607","9":"product_tag-1608","10":"product_tag-1609","11":"pa_druhy-prace-28","12":"pa_komercni-kod-nh1-ms01-2x50-70-90","13":"pa_komercni-kod-nh2-ms03-2x50-70-90","14":"pa_komercni-kod-nh3-ms03-2x50-70-90","15":"pa_komercni-kod-nh4-ms03-2x50-70-90","16":"pa_komercni-kod-1-nh1-ms01","17":"pa_komercni-kod-1-nh2-ms03","18":"pa_komercni-kod-1-nh3-ms03","19":"pa_komercni-kod-1-nh4-ms03","20":"pa_komercni-kod-3-hnh1-hs01-2x50-70-90","21":"pa_komercni-kod-3-hnh2-hs03-2x50-70-90","22":"pa_komercni-kod-3-hnh3-hs03-2x50-70-90","23":"pa_komercni-kod-3-hnh4-hs03-2x50-70-90","24":"pa_komercni-kod-3-hnh4-hs03h-2x50-70-90","25":"pa_naklopeni-2x50-70-90","26":"pa_provedeni-rychloupinace-mechanicke-hydraulicke","27":"pa_trida-66","28":"pa_trida-151","29":"pa_trida-226","30":"pa_trida-349","31":"pa_vyrobek-nh-ms-hs","33":"first","34":"instock","35":"purchasable","36":"product-type-variable"},"acf":[],"_links":{"self":[{"href":"https:\/\/triga2026.semtix.eu\/de\/wp-json\/wp\/v2\/product\/13143","targetHints":{"allow":["GET"]}}],"collection":[{"href":"https:\/\/triga2026.semtix.eu\/de\/wp-json\/wp\/v2\/product"}],"about":[{"href":"https:\/\/triga2026.semtix.eu\/de\/wp-json\/wp\/v2\/types\/product"}],"replies":[{"embeddable":true,"href":"https:\/\/triga2026.semtix.eu\/de\/wp-json\/wp\/v2\/comments?post=13143"}],"wp:featuredmedia":[{"embeddable":true,"href":"https:\/\/triga2026.semtix.eu\/de\/wp-json\/wp\/v2\/media\/12914"}],"wp:attachment":[{"href":"https:\/\/triga2026.semtix.eu\/de\/wp-json\/wp\/v2\/media?parent=13143"}],"wp:term":[{"taxonomy":"product_brand","embeddable":true,"href":"https:\/\/triga2026.semtix.eu\/de\/wp-json\/wp\/v2\/product_brand?post=13143"},{"taxonomy":"product_cat","embeddable":true,"href":"https:\/\/triga2026.semtix.eu\/de\/wp-json\/wp\/v2\/product_cat?post=13143"},{"taxonomy":"product_tag","embeddable":true,"href":"https:\/\/triga2026.semtix.eu\/de\/wp-json\/wp\/v2\/product_tag?post=13143"}],"curies":[{"name":"wp","href":"https:\/\/api.w.org\/{rel}","templated":true}]}}