{"id":13134,"date":"2026-05-15T10:21:56","date_gmt":"2026-05-15T08:21:56","guid":{"rendered":"https:\/\/triga2026.semtix.eu\/produkt\/naklapeci-hlava-cepova-nh-hnh\/"},"modified":"2026-05-15T10:22:16","modified_gmt":"2026-05-15T08:22:16","slug":"naklapeci-hlava-cepova-nh-hnh","status":"publish","type":"product","link":"https:\/\/triga2026.semtix.eu\/de\/produkt\/naklapeci-hlava-cepova-nh-hnh\/","title":{"rendered":"Nakl\u00e1p\u011bc\u00ed hlava \u010depov\u00e1 NH \/ HNH"},"content":{"rendered":"","protected":false},"excerpt":{"rendered":"","protected":false},"featured_media":12915,"comment_status":"closed","ping_status":"open","template":"","meta":{"_acf_changed":false},"product_brand":[],"product_cat":[31],"product_tag":[5957,1606,1607,1608,1609],"class_list":{"0":"post-13134","1":"product","2":"type-product","3":"status-publish","4":"has-post-thumbnail","6":"product_cat-rypadla-mala","7":"product_tag-1606","8":"product_tag-1607","9":"product_tag-1608","10":"product_tag-1609","11":"pa_druhy-prace-28","12":"pa_komercni-kod-nh-pin-on-1-25-2x50-70-90","13":"pa_komercni-kod-nh-pin-on-1-30-2x50-70-90","14":"pa_komercni-kod-nh-pin-on-2-30-2x50-70-90","15":"pa_komercni-kod-nh-pin-on-2-35-2x50-70-90","16":"pa_komercni-kod-nh-pin-on-3-35-2x50-70-90","17":"pa_komercni-kod-nh-pin-on-3-40-2x50-70-90","18":"pa_komercni-kod-nh-pin-on-4-40-2x50-70-90","19":"pa_komercni-kod-nh-pin-on-4-45-2x50-70-90","20":"pa_komercni-kod-1-nh-pin-on-1","21":"pa_komercni-kod-1-nh-pin-on-2","22":"pa_komercni-kod-1-nh-pin-on-3","23":"pa_komercni-kod-1-nh-pin-on-4","24":"pa_komercni-kod-3-hnh-pin-on-3-35-2x50-70-90","25":"pa_komercni-kod-3-hnh-pin-on-3-40-2x50-70-90","26":"pa_komercni-kod-3-hnh-pin-on-4-40-2x50-70-90","27":"pa_komercni-kod-3-hnh-pin-on-4-45-2x50-70-90","28":"pa_naklopeni-2x50-70-90","29":"pa_provedeni-rychloupinace-mechanicke","30":"pa_provedeni-rychloupinace-mechanicke-hydraulicke","31":"pa_trida-66","32":"pa_trida-151","33":"pa_trida-226","34":"pa_trida-349","35":"pa_vyrobek-nh-pin-on","37":"first","38":"instock","39":"purchasable","40":"product-type-variable"},"acf":[],"_links":{"self":[{"href":"https:\/\/triga2026.semtix.eu\/de\/wp-json\/wp\/v2\/product\/13134","targetHints":{"allow":["GET"]}}],"collection":[{"href":"https:\/\/triga2026.semtix.eu\/de\/wp-json\/wp\/v2\/product"}],"about":[{"href":"https:\/\/triga2026.semtix.eu\/de\/wp-json\/wp\/v2\/types\/product"}],"replies":[{"embeddable":true,"href":"https:\/\/triga2026.semtix.eu\/de\/wp-json\/wp\/v2\/comments?post=13134"}],"wp:featuredmedia":[{"embeddable":true,"href":"https:\/\/triga2026.semtix.eu\/de\/wp-json\/wp\/v2\/media\/12915"}],"wp:attachment":[{"href":"https:\/\/triga2026.semtix.eu\/de\/wp-json\/wp\/v2\/media?parent=13134"}],"wp:term":[{"taxonomy":"product_brand","embeddable":true,"href":"https:\/\/triga2026.semtix.eu\/de\/wp-json\/wp\/v2\/product_brand?post=13134"},{"taxonomy":"product_cat","embeddable":true,"href":"https:\/\/triga2026.semtix.eu\/de\/wp-json\/wp\/v2\/product_cat?post=13134"},{"taxonomy":"product_tag","embeddable":true,"href":"https:\/\/triga2026.semtix.eu\/de\/wp-json\/wp\/v2\/product_tag?post=13134"}],"curies":[{"name":"wp","href":"https:\/\/api.w.org\/{rel}","templated":true}]}}