{"id":13095,"date":"2026-05-15T10:21:45","date_gmt":"2026-05-15T08:21:45","guid":{"rendered":"https:\/\/triga2026.semtix.eu\/produkt\/rozryvaci-hak-sd\/"},"modified":"2026-05-15T10:21:52","modified_gmt":"2026-05-15T08:21:52","slug":"rozryvaci-hak-sd","status":"publish","type":"product","link":"https:\/\/triga2026.semtix.eu\/de\/produkt\/rozryvaci-hak-sd\/","title":{"rendered":"Rozr\u00fdvac\u00ed h\u00e1k SD"},"content":{"rendered":"","protected":false},"excerpt":{"rendered":"","protected":false},"featured_media":12897,"comment_status":"closed","ping_status":"open","template":"","meta":{"_acf_changed":false},"product_brand":[],"product_cat":[31],"product_tag":[1618,1606,1607,1608,1609],"class_list":{"0":"post-13095","1":"product","2":"type-product","3":"status-publish","4":"has-post-thumbnail","6":"product_cat-rypadla-mala","7":"product_tag-1606","8":"product_tag-1607","9":"product_tag-1608","10":"product_tag-1609","11":"pa_druhy-prace--tezba--stavebnictvi-a-uprava-terenu","12":"pa_komercni-kod-y-sd-0","13":"pa_komercni-kod-y-sd-1","14":"pa_komercni-kod-y-sd-2","15":"pa_komercni-kod-y-sd-3","16":"pa_komercni-kod-y-sd-4","17":"pa_komercni-kod-1-y-sd-0","18":"pa_komercni-kod-1-y-sd-1","19":"pa_komercni-kod-1-y-sd-2","20":"pa_komercni-kod-1-y-sd-3","21":"pa_komercni-kod-1-y-sd-4","22":"pa_podminky-prace-sd","23":"pa_trida-66","24":"pa_trida-151","25":"pa_trida-226","26":"pa_trida-349","27":"pa_vyrobek-y","29":"first","30":"instock","31":"purchasable","32":"product-type-variable"},"acf":[],"_links":{"self":[{"href":"https:\/\/triga2026.semtix.eu\/de\/wp-json\/wp\/v2\/product\/13095","targetHints":{"allow":["GET"]}}],"collection":[{"href":"https:\/\/triga2026.semtix.eu\/de\/wp-json\/wp\/v2\/product"}],"about":[{"href":"https:\/\/triga2026.semtix.eu\/de\/wp-json\/wp\/v2\/types\/product"}],"replies":[{"embeddable":true,"href":"https:\/\/triga2026.semtix.eu\/de\/wp-json\/wp\/v2\/comments?post=13095"}],"wp:featuredmedia":[{"embeddable":true,"href":"https:\/\/triga2026.semtix.eu\/de\/wp-json\/wp\/v2\/media\/12897"}],"wp:attachment":[{"href":"https:\/\/triga2026.semtix.eu\/de\/wp-json\/wp\/v2\/media?parent=13095"}],"wp:term":[{"taxonomy":"product_brand","embeddable":true,"href":"https:\/\/triga2026.semtix.eu\/de\/wp-json\/wp\/v2\/product_brand?post=13095"},{"taxonomy":"product_cat","embeddable":true,"href":"https:\/\/triga2026.semtix.eu\/de\/wp-json\/wp\/v2\/product_cat?post=13095"},{"taxonomy":"product_tag","embeddable":true,"href":"https:\/\/triga2026.semtix.eu\/de\/wp-json\/wp\/v2\/product_tag?post=13095"}],"curies":[{"name":"wp","href":"https:\/\/api.w.org\/{rel}","templated":true}]}}