{"id":13081,"date":"2026-05-15T10:21:26","date_gmt":"2026-05-15T08:21:26","guid":{"rendered":"https:\/\/triga2026.semtix.eu\/produkt\/naklapeci-svahovaci-lopata-hd\/"},"modified":"2026-05-15T10:21:52","modified_gmt":"2026-05-15T08:21:52","slug":"naklapeci-svahovaci-lopata-hd","status":"publish","type":"product","link":"https:\/\/triga2026.semtix.eu\/de\/produkt\/naklapeci-svahovaci-lopata-hd\/","title":{"rendered":"Nakl\u00e1p\u011bc\u00ed svahovac\u00ed lopata HD"},"content":{"rendered":"","protected":false},"excerpt":{"rendered":"","protected":false},"featured_media":12898,"comment_status":"closed","ping_status":"open","template":"","meta":{"_acf_changed":false},"product_brand":[],"product_cat":[31],"product_tag":[1618,1606,1607,1608,1609],"class_list":{"0":"post-13081","1":"product","2":"type-product","3":"status-publish","4":"has-post-thumbnail","6":"product_cat-rypadla-mala","7":"product_tag-1606","8":"product_tag-1607","9":"product_tag-1608","10":"product_tag-1609","11":"pa_druhy-prace-28","12":"pa_komercni-kod-w-hd-1-1000","13":"pa_komercni-kod-w-hd-1-1200","14":"pa_komercni-kod-w-hd-1-800","15":"pa_komercni-kod-w-hd-23-1000","16":"pa_komercni-kod-w-hd-23-1200","17":"pa_komercni-kod-w-hd-23-800","18":"pa_komercni-kod-w-hd-4-1250","19":"pa_komercni-kod-w-hd-4-1300","20":"pa_komercni-kod-w-hd-4-1400","21":"pa_komercni-kod-w-hd-4-1500","22":"pa_komercni-kod-1-w-hd-1","23":"pa_komercni-kod-1-w-hd-23","24":"pa_komercni-kod-1-w-hd-4","25":"pa_naklopeni-2x45","26":"pa_objem-l-128","27":"pa_objem-l-321","28":"pa_objem-l-309","29":"pa_objem-l-312","30":"pa_objem-l-118","31":"pa_objem-l-191","32":"pa_objem-l-9615","33":"pa_objem-l-9617","34":"pa_objem-l-123","35":"pa_objem-l-125","36":"pa_podminky-prace-hd","37":"pa_sirka-mm-55","38":"pa_sirka-mm-127","39":"pa_sirka-mm-320","40":"pa_sirka-mm-306","41":"pa_sirka-mm-308","42":"pa_sirka-mm-311","43":"pa_sirka-mm-52","44":"pa_trida-66","45":"pa_trida-151","46":"pa_trida-226","47":"pa_trida-349","48":"pa_vyrobek-w","50":"first","51":"instock","52":"purchasable","53":"product-type-variable"},"acf":[],"_links":{"self":[{"href":"https:\/\/triga2026.semtix.eu\/de\/wp-json\/wp\/v2\/product\/13081","targetHints":{"allow":["GET"]}}],"collection":[{"href":"https:\/\/triga2026.semtix.eu\/de\/wp-json\/wp\/v2\/product"}],"about":[{"href":"https:\/\/triga2026.semtix.eu\/de\/wp-json\/wp\/v2\/types\/product"}],"replies":[{"embeddable":true,"href":"https:\/\/triga2026.semtix.eu\/de\/wp-json\/wp\/v2\/comments?post=13081"}],"wp:featuredmedia":[{"embeddable":true,"href":"https:\/\/triga2026.semtix.eu\/de\/wp-json\/wp\/v2\/media\/12898"}],"wp:attachment":[{"href":"https:\/\/triga2026.semtix.eu\/de\/wp-json\/wp\/v2\/media?parent=13081"}],"wp:term":[{"taxonomy":"product_brand","embeddable":true,"href":"https:\/\/triga2026.semtix.eu\/de\/wp-json\/wp\/v2\/product_brand?post=13081"},{"taxonomy":"product_cat","embeddable":true,"href":"https:\/\/triga2026.semtix.eu\/de\/wp-json\/wp\/v2\/product_cat?post=13081"},{"taxonomy":"product_tag","embeddable":true,"href":"https:\/\/triga2026.semtix.eu\/de\/wp-json\/wp\/v2\/product_tag?post=13081"}],"curies":[{"name":"wp","href":"https:\/\/api.w.org\/{rel}","templated":true}]}}