{"id":13065,"date":"2026-05-15T10:21:08","date_gmt":"2026-05-15T08:21:08","guid":{"rendered":"https:\/\/triga2026.semtix.eu\/produkt\/naklapeci-svahovaci-lopata-gd\/"},"modified":"2026-05-15T10:21:40","modified_gmt":"2026-05-15T08:21:40","slug":"naklapeci-svahovaci-lopata-gd","status":"publish","type":"product","link":"https:\/\/triga2026.semtix.eu\/de\/produkt\/naklapeci-svahovaci-lopata-gd\/","title":{"rendered":"Nakl\u00e1p\u011bc\u00ed svahovac\u00ed lopata GD"},"content":{"rendered":"","protected":false},"excerpt":{"rendered":"","protected":false},"featured_media":12899,"comment_status":"closed","ping_status":"open","template":"","meta":{"_acf_changed":false},"product_brand":[],"product_cat":[31],"product_tag":[5957,1606,1607,1608,1609],"class_list":{"0":"post-13065","1":"product","2":"type-product","3":"status-publish","4":"has-post-thumbnail","6":"product_cat-rypadla-mala","7":"product_tag-1606","8":"product_tag-1607","9":"product_tag-1608","10":"product_tag-1609","11":"pa_druhy-prace-28","12":"pa_komercni-kod-w-gd-0-1000","13":"pa_komercni-kod-w-gd-0-800","14":"pa_komercni-kod-w-gd-1-1000","15":"pa_komercni-kod-w-gd-1-1200","16":"pa_komercni-kod-w-gd-1-800","17":"pa_komercni-kod-w-gd-23-1000","18":"pa_komercni-kod-w-gd-23-1200","19":"pa_komercni-kod-w-gd-23-800","20":"pa_komercni-kod-w-gd-4-1250","21":"pa_komercni-kod-w-gd-4-1300","22":"pa_komercni-kod-w-gd-4-1400","23":"pa_komercni-kod-w-gd-4-1500","24":"pa_komercni-kod-1-w-gd-0","25":"pa_komercni-kod-1-w-gd-1","26":"pa_komercni-kod-1-w-gd-23","27":"pa_komercni-kod-1-w-gd-4","28":"pa_naklopeni-2x45","29":"pa_objem-l-128","30":"pa_objem-l-321","31":"pa_objem-l-309","32":"pa_objem-l-312","33":"pa_objem-l-53","34":"pa_objem-l-56","35":"pa_objem-l-118","36":"pa_objem-l-191","37":"pa_objem-l-9615","38":"pa_objem-l-9617","39":"pa_objem-l-123","40":"pa_objem-l-125","41":"pa_podminky-prace-gd","42":"pa_sirka-mm-55","43":"pa_sirka-mm-127","44":"pa_sirka-mm-320","45":"pa_sirka-mm-306","46":"pa_sirka-mm-308","47":"pa_sirka-mm-311","48":"pa_sirka-mm-52","49":"pa_trida-66","50":"pa_trida-151","51":"pa_trida-226","52":"pa_trida-349","53":"pa_vyrobek-w","55":"first","56":"instock","57":"purchasable","58":"product-type-variable"},"acf":[],"_links":{"self":[{"href":"https:\/\/triga2026.semtix.eu\/de\/wp-json\/wp\/v2\/product\/13065","targetHints":{"allow":["GET"]}}],"collection":[{"href":"https:\/\/triga2026.semtix.eu\/de\/wp-json\/wp\/v2\/product"}],"about":[{"href":"https:\/\/triga2026.semtix.eu\/de\/wp-json\/wp\/v2\/types\/product"}],"replies":[{"embeddable":true,"href":"https:\/\/triga2026.semtix.eu\/de\/wp-json\/wp\/v2\/comments?post=13065"}],"wp:featuredmedia":[{"embeddable":true,"href":"https:\/\/triga2026.semtix.eu\/de\/wp-json\/wp\/v2\/media\/12899"}],"wp:attachment":[{"href":"https:\/\/triga2026.semtix.eu\/de\/wp-json\/wp\/v2\/media?parent=13065"}],"wp:term":[{"taxonomy":"product_brand","embeddable":true,"href":"https:\/\/triga2026.semtix.eu\/de\/wp-json\/wp\/v2\/product_brand?post=13065"},{"taxonomy":"product_cat","embeddable":true,"href":"https:\/\/triga2026.semtix.eu\/de\/wp-json\/wp\/v2\/product_cat?post=13065"},{"taxonomy":"product_tag","embeddable":true,"href":"https:\/\/triga2026.semtix.eu\/de\/wp-json\/wp\/v2\/product_tag?post=13065"}],"curies":[{"name":"wp","href":"https:\/\/api.w.org\/{rel}","templated":true}]}}