{"id":12978,"date":"2026-05-15T10:20:15","date_gmt":"2026-05-15T08:20:15","guid":{"rendered":"https:\/\/triga2026.semtix.eu\/produkt\/retezova-lopata-hd\/"},"modified":"2026-05-15T10:20:36","modified_gmt":"2026-05-15T08:20:36","slug":"retezova-lopata-hd","status":"publish","type":"product","link":"https:\/\/triga2026.semtix.eu\/de\/produkt\/retezova-lopata-hd\/","title":{"rendered":"\u0158et\u011bzov\u00e1 lopata HD"},"content":{"rendered":"","protected":false},"excerpt":{"rendered":"","protected":false},"featured_media":12813,"comment_status":"closed","ping_status":"open","template":"","meta":{"_acf_changed":false},"product_brand":[],"product_cat":[31],"product_tag":[1618,1606,1607,1608,1609],"class_list":{"0":"post-12978","1":"product","2":"type-product","3":"status-publish","4":"has-post-thumbnail","6":"product_cat-rypadla-mala","7":"product_tag-1606","8":"product_tag-1607","9":"product_tag-1608","10":"product_tag-1609","11":"pa_druhy-prace-28","12":"pa_komercni-kod-r-hd-1-250","13":"pa_komercni-kod-r-hd-1-300","14":"pa_komercni-kod-r-hd-1-400","15":"pa_komercni-kod-r-hd-1-500","16":"pa_komercni-kod-r-hd-1-600","17":"pa_komercni-kod-r-hd-2-250","18":"pa_komercni-kod-r-hd-2-300","19":"pa_komercni-kod-r-hd-2-400","20":"pa_komercni-kod-r-hd-2-500","21":"pa_komercni-kod-r-hd-2-600","22":"pa_komercni-kod-r-hd-2-700","23":"pa_komercni-kod-r-hd-3-300","24":"pa_komercni-kod-r-hd-3-400","25":"pa_komercni-kod-r-hd-3-500","26":"pa_komercni-kod-r-hd-3-600","27":"pa_komercni-kod-r-hd-3-700","28":"pa_komercni-kod-r-hd-3-800","29":"pa_komercni-kod-r-hd-4-300","30":"pa_komercni-kod-r-hd-4-400","31":"pa_komercni-kod-r-hd-4-500","32":"pa_komercni-kod-r-hd-4-600","33":"pa_komercni-kod-r-hd-4-700","34":"pa_komercni-kod-r-hd-4-800","35":"pa_komercni-kod-r-hd-4-900","36":"pa_komercni-kod-1-r-hd-1","37":"pa_komercni-kod-1-r-hd-2","38":"pa_komercni-kod-1-r-hd-3","39":"pa_komercni-kod-1-r-hd-4","40":"pa_objem-l-263","41":"pa_objem-l-200","42":"pa_objem-l-265","43":"pa_objem-l-299","44":"pa_objem-l-267","45":"pa_objem-l-394","46":"pa_objem-l-269","47":"pa_objem-l-396","48":"pa_objem-l-87","49":"pa_objem-l-398","50":"pa_objem-l-401","51":"pa_objem-l-48","52":"pa_objem-l-189","53":"pa_objem-l-90","54":"pa_objem-l-191","55":"pa_objem-l-93","56":"pa_objem-l-259","57":"pa_objem-l-193","58":"pa_objem-l-96","59":"pa_objem-l-389","60":"pa_objem-l-261","61":"pa_objem-l-195","62":"pa_objem-l-197","63":"pa_objem-l-391","64":"pa_podminky-prace-hd","65":"pa_sirka-mm-40","66":"pa_sirka-mm-44","67":"pa_sirka-mm-47","68":"pa_sirka-mm-92","69":"pa_sirka-mm-95","70":"pa_sirka-mm-199","71":"pa_sirka-mm-52","72":"pa_sirka-mm-400","73":"pa_trida-66","74":"pa_trida-151","75":"pa_trida-226","76":"pa_trida-349","77":"pa_vyrobek-r","79":"first","80":"instock","81":"purchasable","82":"product-type-variable"},"acf":[],"_links":{"self":[{"href":"https:\/\/triga2026.semtix.eu\/de\/wp-json\/wp\/v2\/product\/12978","targetHints":{"allow":["GET"]}}],"collection":[{"href":"https:\/\/triga2026.semtix.eu\/de\/wp-json\/wp\/v2\/product"}],"about":[{"href":"https:\/\/triga2026.semtix.eu\/de\/wp-json\/wp\/v2\/types\/product"}],"replies":[{"embeddable":true,"href":"https:\/\/triga2026.semtix.eu\/de\/wp-json\/wp\/v2\/comments?post=12978"}],"wp:featuredmedia":[{"embeddable":true,"href":"https:\/\/triga2026.semtix.eu\/de\/wp-json\/wp\/v2\/media\/12813"}],"wp:attachment":[{"href":"https:\/\/triga2026.semtix.eu\/de\/wp-json\/wp\/v2\/media?parent=12978"}],"wp:term":[{"taxonomy":"product_brand","embeddable":true,"href":"https:\/\/triga2026.semtix.eu\/de\/wp-json\/wp\/v2\/product_brand?post=12978"},{"taxonomy":"product_cat","embeddable":true,"href":"https:\/\/triga2026.semtix.eu\/de\/wp-json\/wp\/v2\/product_cat?post=12978"},{"taxonomy":"product_tag","embeddable":true,"href":"https:\/\/triga2026.semtix.eu\/de\/wp-json\/wp\/v2\/product_tag?post=12978"}],"curies":[{"name":"wp","href":"https:\/\/api.w.org\/{rel}","templated":true}]}}